{"id":1039,"date":"2019-12-30T18:26:23","date_gmt":"2019-12-30T17:26:23","guid":{"rendered":"https:\/\/cercle-nautique-du-touquet.org\/?page_id=1039"},"modified":"2020-07-25T18:06:01","modified_gmt":"2020-07-25T16:06:01","slug":"cedar-planked-la-technique-de-construction-de-poussin","status":"publish","type":"page","link":"https:\/\/cercle-nautique-du-touquet.org\/index.php\/cedar-planked-la-technique-de-construction-de-poussin\/","title":{"rendered":"Tech de Fab : \u00ab\u00a0Cedar-planked\u00a0\u00bb : la technique de construction de \u00ab\u00a0POUSSIN\u00a0\u00bb"},"content":{"rendered":"\n<p>Poussin, le caot-Boat Jaune est construit suivant cette technique. Certes, cette vid\u00e9o montre unique ment la technique de construction d&rsquo;un autre bateau, mais la simplicit\u00e9 apparente de l&rsquo;assemblage, n\u00e9cessite un outillage de professionnel permettant l&rsquo;usinage en s\u00e9rie de la forme des lattes. <\/p>\n\n\n\n<figure class=\"wp-block-embed-youtube wp-block-embed is-type-video is-provider-youtube wp-embed-aspect-16-9 wp-has-aspect-ratio\"><div class=\"wp-block-embed__wrapper\">\n<iframe loading=\"lazy\" title=\"Timelapse 02 06 2017\" width=\"1140\" height=\"641\" src=\"https:\/\/www.youtube.com\/embed\/TDaaYs5t7o8?feature=oembed\" frameborder=\"0\" allow=\"accelerometer; autoplay; encrypted-media; gyroscope; picture-in-picture\" allowfullscreen><\/iframe>\n<\/div><\/figure>\n\n\n\n<figure class=\"wp-block-image size-large\"><img loading=\"lazy\" decoding=\"async\" width=\"781\" height=\"362\" src=\"https:\/\/cercle-nautique-du-touquet.org\/wp-content\/uploads\/2019\/12\/Capture-du-2019-12-30-18-11-08.png\" alt=\"\" class=\"wp-image-1042\" srcset=\"https:\/\/cercle-nautique-du-touquet.org\/wp-content\/uploads\/2019\/12\/Capture-du-2019-12-30-18-11-08.png 781w, https:\/\/cercle-nautique-du-touquet.org\/wp-content\/uploads\/2019\/12\/Capture-du-2019-12-30-18-11-08-300x139.png 300w, https:\/\/cercle-nautique-du-touquet.org\/wp-content\/uploads\/2019\/12\/Capture-du-2019-12-30-18-11-08-768x356.png 768w, https:\/\/cercle-nautique-du-touquet.org\/wp-content\/uploads\/2019\/12\/Capture-du-2019-12-30-18-11-08-570x264.png 570w\" sizes=\"auto, (max-width: 781px) 100vw, 781px\" \/><\/figure>\n\n\n\n<p><a href=\"https:\/\/www.yachtsandyachting.com\/news\/225203\/Building-a-wooden-dinghy-with-epoxy-resin-part-1\">L&rsquo;article complet pour les passionn\u00e9s. &#8211; Cliquer. <\/a><\/p>\n","protected":false},"excerpt":{"rendered":"<p>Poussin, le caot-Boat Jaune est construit suivant cette technique<\/p>\n","protected":false},"author":1,"featured_media":2838,"parent":0,"menu_order":0,"comment_status":"closed","ping_status":"closed","template":"","meta":{"_mc_calendar":[],"footnotes":""},"class_list":["post-1039","page","type-page","status-publish","has-post-thumbnail","czr-hentry"],"yoast_head":"<!-- This site is optimized with the Yoast SEO plugin v27.5 - https:\/\/yoast.com\/product\/yoast-seo-wordpress\/ -->\n<title>Tech de Fab : &quot;Cedar-planked&quot; : la technique de construction de &quot;POUSSIN&quot; - Cercle Nautique du Touquet<\/title>\n<meta name=\"robots\" content=\"index, follow, max-snippet:-1, max-image-preview:large, max-video-preview:-1\" \/>\n<link rel=\"canonical\" href=\"https:\/\/cercle-nautique-du-touquet.org\/index.php\/cedar-planked-la-technique-de-construction-de-poussin\/\" \/>\n<meta property=\"og:locale\" content=\"fr_FR\" \/>\n<meta property=\"og:type\" content=\"article\" \/>\n<meta property=\"og:title\" content=\"Tech de Fab : &quot;Cedar-planked&quot; : la technique de construction de &quot;POUSSIN&quot; - Cercle Nautique du Touquet\" \/>\n<meta property=\"og:description\" content=\"Poussin, le caot-Boat Jaune est construit suivant cette technique\" \/>\n<meta property=\"og:url\" content=\"https:\/\/cercle-nautique-du-touquet.org\/index.php\/cedar-planked-la-technique-de-construction-de-poussin\/\" \/>\n<meta property=\"og:site_name\" content=\"Cercle Nautique du Touquet\" \/>\n<meta property=\"article:publisher\" content=\"https:\/\/www.facebook.com\/groups\/161569984440804\/\" \/>\n<meta property=\"article:modified_time\" content=\"2020-07-25T16:06:01+00:00\" \/>\n<meta property=\"og:image\" content=\"https:\/\/cercle-nautique-du-touquet.org\/wp-content\/uploads\/2020\/07\/IMG_0504-e1594901124105.jpg\" \/>\n\t<meta property=\"og:image:width\" content=\"1425\" \/>\n\t<meta property=\"og:image:height\" content=\"511\" \/>\n\t<meta property=\"og:image:type\" content=\"image\/jpeg\" \/>\n<meta name=\"twitter:card\" content=\"summary_large_image\" \/>\n<meta name=\"twitter:site\" content=\"@TouquetCn\" \/>\n<script type=\"application\/ld+json\" class=\"yoast-schema-graph\">{\"@context\":\"https:\\\/\\\/schema.org\",\"@graph\":[{\"@type\":\"WebPage\",\"@id\":\"https:\\\/\\\/cercle-nautique-du-touquet.org\\\/index.php\\\/cedar-planked-la-technique-de-construction-de-poussin\\\/\",\"url\":\"https:\\\/\\\/cercle-nautique-du-touquet.org\\\/index.php\\\/cedar-planked-la-technique-de-construction-de-poussin\\\/\",\"name\":\"Tech de Fab : \\\"Cedar-planked\\\" : la technique de construction de \\\"POUSSIN\\\" - Cercle Nautique du Touquet\",\"isPartOf\":{\"@id\":\"https:\\\/\\\/cercle-nautique-du-touquet.org\\\/#website\"},\"primaryImageOfPage\":{\"@id\":\"https:\\\/\\\/cercle-nautique-du-touquet.org\\\/index.php\\\/cedar-planked-la-technique-de-construction-de-poussin\\\/#primaryimage\"},\"image\":{\"@id\":\"https:\\\/\\\/cercle-nautique-du-touquet.org\\\/index.php\\\/cedar-planked-la-technique-de-construction-de-poussin\\\/#primaryimage\"},\"thumbnailUrl\":\"https:\\\/\\\/cercle-nautique-du-touquet.org\\\/wp-content\\\/uploads\\\/2020\\\/07\\\/IMG_0504-e1594901124105.jpg\",\"datePublished\":\"2019-12-30T17:26:23+00:00\",\"dateModified\":\"2020-07-25T16:06:01+00:00\",\"breadcrumb\":{\"@id\":\"https:\\\/\\\/cercle-nautique-du-touquet.org\\\/index.php\\\/cedar-planked-la-technique-de-construction-de-poussin\\\/#breadcrumb\"},\"inLanguage\":\"fr-FR\",\"potentialAction\":[{\"@type\":\"ReadAction\",\"target\":[\"https:\\\/\\\/cercle-nautique-du-touquet.org\\\/index.php\\\/cedar-planked-la-technique-de-construction-de-poussin\\\/\"]}]},{\"@type\":\"ImageObject\",\"inLanguage\":\"fr-FR\",\"@id\":\"https:\\\/\\\/cercle-nautique-du-touquet.org\\\/index.php\\\/cedar-planked-la-technique-de-construction-de-poussin\\\/#primaryimage\",\"url\":\"https:\\\/\\\/cercle-nautique-du-touquet.org\\\/wp-content\\\/uploads\\\/2020\\\/07\\\/IMG_0504-e1594901124105.jpg\",\"contentUrl\":\"https:\\\/\\\/cercle-nautique-du-touquet.org\\\/wp-content\\\/uploads\\\/2020\\\/07\\\/IMG_0504-e1594901124105.jpg\",\"width\":1425,\"height\":511},{\"@type\":\"BreadcrumbList\",\"@id\":\"https:\\\/\\\/cercle-nautique-du-touquet.org\\\/index.php\\\/cedar-planked-la-technique-de-construction-de-poussin\\\/#breadcrumb\",\"itemListElement\":[{\"@type\":\"ListItem\",\"position\":1,\"name\":\"Accueil\",\"item\":\"https:\\\/\\\/cercle-nautique-du-touquet.org\\\/\"},{\"@type\":\"ListItem\",\"position\":2,\"name\":\"Tech de Fab : \u00ab\u00a0Cedar-planked\u00a0\u00bb : la technique de construction de \u00ab\u00a0POUSSIN\u00a0\u00bb\"}]},{\"@type\":\"WebSite\",\"@id\":\"https:\\\/\\\/cercle-nautique-du-touquet.org\\\/#website\",\"url\":\"https:\\\/\\\/cercle-nautique-du-touquet.org\\\/\",\"name\":\"Cercle Nautique du Touquet\",\"description\":\"CNT - LE TOUQUET - @ mail : cnt@cercle-nautique-du-touquet.org\",\"publisher\":{\"@id\":\"https:\\\/\\\/cercle-nautique-du-touquet.org\\\/#organization\"},\"potentialAction\":[{\"@type\":\"SearchAction\",\"target\":{\"@type\":\"EntryPoint\",\"urlTemplate\":\"https:\\\/\\\/cercle-nautique-du-touquet.org\\\/?s={search_term_string}\"},\"query-input\":{\"@type\":\"PropertyValueSpecification\",\"valueRequired\":true,\"valueName\":\"search_term_string\"}}],\"inLanguage\":\"fr-FR\"},{\"@type\":\"Organization\",\"@id\":\"https:\\\/\\\/cercle-nautique-du-touquet.org\\\/#organization\",\"name\":\"cercle Nautique du touquet\",\"url\":\"https:\\\/\\\/cercle-nautique-du-touquet.org\\\/\",\"logo\":{\"@type\":\"ImageObject\",\"inLanguage\":\"fr-FR\",\"@id\":\"https:\\\/\\\/cercle-nautique-du-touquet.org\\\/#\\\/schema\\\/logo\\\/image\\\/\",\"url\":\"https:\\\/\\\/cercle-nautique-du-touquet.org\\\/wp-content\\\/uploads\\\/2019\\\/09\\\/WzLRsU-e1579203957195.png\",\"contentUrl\":\"https:\\\/\\\/cercle-nautique-du-touquet.org\\\/wp-content\\\/uploads\\\/2019\\\/09\\\/WzLRsU-e1579203957195.png\",\"width\":112,\"height\":113,\"caption\":\"cercle Nautique du touquet\"},\"image\":{\"@id\":\"https:\\\/\\\/cercle-nautique-du-touquet.org\\\/#\\\/schema\\\/logo\\\/image\\\/\"},\"sameAs\":[\"https:\\\/\\\/www.facebook.com\\\/groups\\\/161569984440804\\\/\",\"https:\\\/\\\/x.com\\\/TouquetCn\"]}]}<\/script>\n<!-- \/ Yoast SEO plugin. -->","yoast_head_json":{"title":"Tech de Fab : \"Cedar-planked\" : la technique de construction de \"POUSSIN\" - Cercle Nautique du Touquet","robots":{"index":"index","follow":"follow","max-snippet":"max-snippet:-1","max-image-preview":"max-image-preview:large","max-video-preview":"max-video-preview:-1"},"canonical":"https:\/\/cercle-nautique-du-touquet.org\/index.php\/cedar-planked-la-technique-de-construction-de-poussin\/","og_locale":"fr_FR","og_type":"article","og_title":"Tech de Fab : \"Cedar-planked\" : la technique de construction de \"POUSSIN\" - Cercle Nautique du Touquet","og_description":"Poussin, le caot-Boat Jaune est construit suivant cette technique","og_url":"https:\/\/cercle-nautique-du-touquet.org\/index.php\/cedar-planked-la-technique-de-construction-de-poussin\/","og_site_name":"Cercle Nautique du Touquet","article_publisher":"https:\/\/www.facebook.com\/groups\/161569984440804\/","article_modified_time":"2020-07-25T16:06:01+00:00","og_image":[{"width":1425,"height":511,"url":"https:\/\/cercle-nautique-du-touquet.org\/wp-content\/uploads\/2020\/07\/IMG_0504-e1594901124105.jpg","type":"image\/jpeg"}],"twitter_card":"summary_large_image","twitter_site":"@TouquetCn","schema":{"@context":"https:\/\/schema.org","@graph":[{"@type":"WebPage","@id":"https:\/\/cercle-nautique-du-touquet.org\/index.php\/cedar-planked-la-technique-de-construction-de-poussin\/","url":"https:\/\/cercle-nautique-du-touquet.org\/index.php\/cedar-planked-la-technique-de-construction-de-poussin\/","name":"Tech de Fab : \"Cedar-planked\" : la technique de construction de \"POUSSIN\" - Cercle Nautique du Touquet","isPartOf":{"@id":"https:\/\/cercle-nautique-du-touquet.org\/#website"},"primaryImageOfPage":{"@id":"https:\/\/cercle-nautique-du-touquet.org\/index.php\/cedar-planked-la-technique-de-construction-de-poussin\/#primaryimage"},"image":{"@id":"https:\/\/cercle-nautique-du-touquet.org\/index.php\/cedar-planked-la-technique-de-construction-de-poussin\/#primaryimage"},"thumbnailUrl":"https:\/\/cercle-nautique-du-touquet.org\/wp-content\/uploads\/2020\/07\/IMG_0504-e1594901124105.jpg","datePublished":"2019-12-30T17:26:23+00:00","dateModified":"2020-07-25T16:06:01+00:00","breadcrumb":{"@id":"https:\/\/cercle-nautique-du-touquet.org\/index.php\/cedar-planked-la-technique-de-construction-de-poussin\/#breadcrumb"},"inLanguage":"fr-FR","potentialAction":[{"@type":"ReadAction","target":["https:\/\/cercle-nautique-du-touquet.org\/index.php\/cedar-planked-la-technique-de-construction-de-poussin\/"]}]},{"@type":"ImageObject","inLanguage":"fr-FR","@id":"https:\/\/cercle-nautique-du-touquet.org\/index.php\/cedar-planked-la-technique-de-construction-de-poussin\/#primaryimage","url":"https:\/\/cercle-nautique-du-touquet.org\/wp-content\/uploads\/2020\/07\/IMG_0504-e1594901124105.jpg","contentUrl":"https:\/\/cercle-nautique-du-touquet.org\/wp-content\/uploads\/2020\/07\/IMG_0504-e1594901124105.jpg","width":1425,"height":511},{"@type":"BreadcrumbList","@id":"https:\/\/cercle-nautique-du-touquet.org\/index.php\/cedar-planked-la-technique-de-construction-de-poussin\/#breadcrumb","itemListElement":[{"@type":"ListItem","position":1,"name":"Accueil","item":"https:\/\/cercle-nautique-du-touquet.org\/"},{"@type":"ListItem","position":2,"name":"Tech de Fab : \u00ab\u00a0Cedar-planked\u00a0\u00bb : la technique de construction de \u00ab\u00a0POUSSIN\u00a0\u00bb"}]},{"@type":"WebSite","@id":"https:\/\/cercle-nautique-du-touquet.org\/#website","url":"https:\/\/cercle-nautique-du-touquet.org\/","name":"Cercle Nautique du Touquet","description":"CNT - LE TOUQUET - @ mail : cnt@cercle-nautique-du-touquet.org","publisher":{"@id":"https:\/\/cercle-nautique-du-touquet.org\/#organization"},"potentialAction":[{"@type":"SearchAction","target":{"@type":"EntryPoint","urlTemplate":"https:\/\/cercle-nautique-du-touquet.org\/?s={search_term_string}"},"query-input":{"@type":"PropertyValueSpecification","valueRequired":true,"valueName":"search_term_string"}}],"inLanguage":"fr-FR"},{"@type":"Organization","@id":"https:\/\/cercle-nautique-du-touquet.org\/#organization","name":"cercle Nautique du touquet","url":"https:\/\/cercle-nautique-du-touquet.org\/","logo":{"@type":"ImageObject","inLanguage":"fr-FR","@id":"https:\/\/cercle-nautique-du-touquet.org\/#\/schema\/logo\/image\/","url":"https:\/\/cercle-nautique-du-touquet.org\/wp-content\/uploads\/2019\/09\/WzLRsU-e1579203957195.png","contentUrl":"https:\/\/cercle-nautique-du-touquet.org\/wp-content\/uploads\/2019\/09\/WzLRsU-e1579203957195.png","width":112,"height":113,"caption":"cercle Nautique du touquet"},"image":{"@id":"https:\/\/cercle-nautique-du-touquet.org\/#\/schema\/logo\/image\/"},"sameAs":["https:\/\/www.facebook.com\/groups\/161569984440804\/","https:\/\/x.com\/TouquetCn"]}]}},"_links":{"self":[{"href":"https:\/\/cercle-nautique-du-touquet.org\/index.php\/wp-json\/wp\/v2\/pages\/1039","targetHints":{"allow":["GET"]}}],"collection":[{"href":"https:\/\/cercle-nautique-du-touquet.org\/index.php\/wp-json\/wp\/v2\/pages"}],"about":[{"href":"https:\/\/cercle-nautique-du-touquet.org\/index.php\/wp-json\/wp\/v2\/types\/page"}],"author":[{"embeddable":true,"href":"https:\/\/cercle-nautique-du-touquet.org\/index.php\/wp-json\/wp\/v2\/users\/1"}],"replies":[{"embeddable":true,"href":"https:\/\/cercle-nautique-du-touquet.org\/index.php\/wp-json\/wp\/v2\/comments?post=1039"}],"version-history":[{"count":0,"href":"https:\/\/cercle-nautique-du-touquet.org\/index.php\/wp-json\/wp\/v2\/pages\/1039\/revisions"}],"wp:featuredmedia":[{"embeddable":true,"href":"https:\/\/cercle-nautique-du-touquet.org\/index.php\/wp-json\/wp\/v2\/media\/2838"}],"wp:attachment":[{"href":"https:\/\/cercle-nautique-du-touquet.org\/index.php\/wp-json\/wp\/v2\/media?parent=1039"}],"curies":[{"name":"wp","href":"https:\/\/api.w.org\/{rel}","templated":true}]}}