{"id":1353,"date":"2020-01-19T09:49:17","date_gmt":"2020-01-19T08:49:17","guid":{"rendered":"https:\/\/cercle-nautique-du-touquet.org\/?page_id=1353"},"modified":"2020-01-19T23:06:24","modified_gmt":"2020-01-19T22:06:24","slug":"tech-de-fab-le-bois","status":"publish","type":"page","link":"https:\/\/cercle-nautique-du-touquet.org\/index.php\/tech-de-fab-le-bois\/","title":{"rendered":"Tech de Fab : Le bois."},"content":{"rendered":"\n<figure class=\"wp-block-image size-large\"><img loading=\"lazy\" decoding=\"async\" width=\"1024\" height=\"266\" src=\"https:\/\/cercle-nautique-du-touquet.org\/wp-content\/uploads\/2020\/01\/farr3.7-1024x266.png\" alt=\"\" class=\"wp-image-1355\" srcset=\"https:\/\/cercle-nautique-du-touquet.org\/wp-content\/uploads\/2020\/01\/farr3.7-1024x266.png 1024w, https:\/\/cercle-nautique-du-touquet.org\/wp-content\/uploads\/2020\/01\/farr3.7-300x78.png 300w, https:\/\/cercle-nautique-du-touquet.org\/wp-content\/uploads\/2020\/01\/farr3.7-768x200.png 768w, https:\/\/cercle-nautique-du-touquet.org\/wp-content\/uploads\/2020\/01\/farr3.7-570x148.png 570w, https:\/\/cercle-nautique-du-touquet.org\/wp-content\/uploads\/2020\/01\/farr3.7.png 1246w\" sizes=\"auto, (max-width: 1024px) 100vw, 1024px\" \/><\/figure>\n\n\n\n<p>Construire un bateau en bois est un Graal. C&rsquo;est merveilleux et tr\u00e8s compliqu\u00e9. Sans doute, cela sera une \u00e9cole de v\u00e9rit\u00e9. Construire longtemps, dans la pr\u00e9cieusit\u00e9, dans le froid de son garage, pour obtenir un bateau. Quel effort faudra t il pour y arriver !.  Voici un blog qui relate le travaille n\u00e9cessaire pour faire un Farr 3,7 qui me plairait bien. Rapide, trap\u00e8ze, court et l\u00e9ger. Grosse flotte en Australie et NZ . Il y en a en Angleterre. <\/p>\n\n\n\n<figure class=\"wp-block-image size-large\"><img loading=\"lazy\" decoding=\"async\" width=\"1024\" height=\"727\" src=\"https:\/\/cercle-nautique-du-touquet.org\/wp-content\/uploads\/2020\/01\/Faar-3.7-.2-1024x727.png\" alt=\"\" class=\"wp-image-1354\" srcset=\"https:\/\/cercle-nautique-du-touquet.org\/wp-content\/uploads\/2020\/01\/Faar-3.7-.2-1024x727.png 1024w, https:\/\/cercle-nautique-du-touquet.org\/wp-content\/uploads\/2020\/01\/Faar-3.7-.2-300x213.png 300w, https:\/\/cercle-nautique-du-touquet.org\/wp-content\/uploads\/2020\/01\/Faar-3.7-.2-768x545.png 768w, https:\/\/cercle-nautique-du-touquet.org\/wp-content\/uploads\/2020\/01\/Faar-3.7-.2-570x405.png 570w, https:\/\/cercle-nautique-du-touquet.org\/wp-content\/uploads\/2020\/01\/Faar-3.7-.2.png 1065w\" sizes=\"auto, (max-width: 1024px) 100vw, 1024px\" \/><\/figure>\n\n\n\n<p><a href=\"https:\/\/farr37build.wordpress.com\/\">https:\/\/farr37build.wordpress.com\/<\/a><\/p>\n\n\n\n<p>Un autre type de fabrication moderne. Couture des planches contraintes par les bord\u00e9es, puis r\u00e9sine sur l&rsquo;ext\u00e9rieure et les corni\u00e8res plastifi\u00e9es.  LeP4 du Chantier Florance. <\/p>\n\n\n\n<p><a href=\"http:\/\/florance22.free.fr\/index.php?categorie8\/construction-amateur\">http:\/\/florance22.free.fr\/index.php?categorie8\/construction-amateur<\/a><\/p>\n\n\n\n<p>Autre fabrication : Un joli bateau #Canche.compatible. 30 pieds et il se pose sur le sable. <\/p>\n\n\n<a href=\"https:\/\/cercle-nautique-du-touquet.org\/wp-content\/uploads\/2020\/01\/plaquette-craff295.pdf\" class=\"pdfemb-viewer\" style=\"\" data-width=\"max\" data-height=\"max\" data-toolbar=\"bottom\" data-toolbar-fixed=\"on\">plaquette-craff295<\/a>\n<p class=\"wp-block-pdfemb-pdf-embedder-viewer\"><\/p>\n\n\n\n<figure class=\"wp-block-embed-youtube wp-block-embed is-type-video is-provider-youtube wp-embed-aspect-4-3 wp-has-aspect-ratio\"><div class=\"wp-block-embed__wrapper\">\n<iframe loading=\"lazy\" title=\"Craff 29.5 video.wmv\" width=\"1140\" height=\"855\" src=\"https:\/\/www.youtube.com\/embed\/k1yGYOQzfSQ?feature=oembed\" frameborder=\"0\" allow=\"accelerometer; autoplay; encrypted-media; gyroscope; picture-in-picture\" allowfullscreen><\/iframe>\n<\/div><\/figure>\n","protected":false},"excerpt":{"rendered":"<p>Construire un bateau en bois est un Graal.<\/p>\n","protected":false},"author":1,"featured_media":0,"parent":0,"menu_order":0,"comment_status":"closed","ping_status":"closed","template":"","meta":{"_mc_calendar":[],"footnotes":""},"class_list":["post-1353","page","type-page","status-publish","czr-hentry"],"yoast_head":"<!-- This site is optimized with the Yoast SEO plugin v27.6 - https:\/\/yoast.com\/product\/yoast-seo-wordpress\/ -->\n<title>Tech de Fab : Le bois. - Cercle Nautique du Touquet<\/title>\n<meta name=\"robots\" content=\"index, follow, max-snippet:-1, max-image-preview:large, max-video-preview:-1\" \/>\n<link rel=\"canonical\" href=\"https:\/\/cercle-nautique-du-touquet.org\/index.php\/tech-de-fab-le-bois\/\" \/>\n<meta property=\"og:locale\" content=\"fr_FR\" \/>\n<meta property=\"og:type\" content=\"article\" \/>\n<meta property=\"og:title\" content=\"Tech de Fab : Le bois. - Cercle Nautique du Touquet\" \/>\n<meta property=\"og:description\" content=\"Construire un bateau en bois est un Graal.\" \/>\n<meta property=\"og:url\" content=\"https:\/\/cercle-nautique-du-touquet.org\/index.php\/tech-de-fab-le-bois\/\" \/>\n<meta property=\"og:site_name\" content=\"Cercle Nautique du Touquet\" \/>\n<meta property=\"article:publisher\" content=\"https:\/\/www.facebook.com\/groups\/161569984440804\/\" \/>\n<meta property=\"article:modified_time\" content=\"2020-01-19T22:06:24+00:00\" \/>\n<meta property=\"og:image\" content=\"https:\/\/cercle-nautique-du-touquet.org\/wp-content\/uploads\/2020\/01\/farr3.7-1024x266.png\" \/>\n<meta name=\"twitter:card\" content=\"summary_large_image\" \/>\n<meta name=\"twitter:site\" content=\"@TouquetCn\" \/>\n<meta name=\"twitter:label1\" content=\"Dur\u00e9e de lecture estim\u00e9e\" \/>\n\t<meta name=\"twitter:data1\" content=\"1 minute\" \/>\n<script type=\"application\/ld+json\" class=\"yoast-schema-graph\">{\"@context\":\"https:\\\/\\\/schema.org\",\"@graph\":[{\"@type\":\"WebPage\",\"@id\":\"https:\\\/\\\/cercle-nautique-du-touquet.org\\\/index.php\\\/tech-de-fab-le-bois\\\/\",\"url\":\"https:\\\/\\\/cercle-nautique-du-touquet.org\\\/index.php\\\/tech-de-fab-le-bois\\\/\",\"name\":\"Tech de Fab : Le bois. - Cercle Nautique du Touquet\",\"isPartOf\":{\"@id\":\"https:\\\/\\\/cercle-nautique-du-touquet.org\\\/#website\"},\"primaryImageOfPage\":{\"@id\":\"https:\\\/\\\/cercle-nautique-du-touquet.org\\\/index.php\\\/tech-de-fab-le-bois\\\/#primaryimage\"},\"image\":{\"@id\":\"https:\\\/\\\/cercle-nautique-du-touquet.org\\\/index.php\\\/tech-de-fab-le-bois\\\/#primaryimage\"},\"thumbnailUrl\":\"https:\\\/\\\/cercle-nautique-du-touquet.org\\\/wp-content\\\/uploads\\\/2020\\\/01\\\/farr3.7-1024x266.png\",\"datePublished\":\"2020-01-19T08:49:17+00:00\",\"dateModified\":\"2020-01-19T22:06:24+00:00\",\"breadcrumb\":{\"@id\":\"https:\\\/\\\/cercle-nautique-du-touquet.org\\\/index.php\\\/tech-de-fab-le-bois\\\/#breadcrumb\"},\"inLanguage\":\"fr-FR\",\"potentialAction\":[{\"@type\":\"ReadAction\",\"target\":[\"https:\\\/\\\/cercle-nautique-du-touquet.org\\\/index.php\\\/tech-de-fab-le-bois\\\/\"]}]},{\"@type\":\"ImageObject\",\"inLanguage\":\"fr-FR\",\"@id\":\"https:\\\/\\\/cercle-nautique-du-touquet.org\\\/index.php\\\/tech-de-fab-le-bois\\\/#primaryimage\",\"url\":\"https:\\\/\\\/cercle-nautique-du-touquet.org\\\/wp-content\\\/uploads\\\/2020\\\/01\\\/farr3.7.png\",\"contentUrl\":\"https:\\\/\\\/cercle-nautique-du-touquet.org\\\/wp-content\\\/uploads\\\/2020\\\/01\\\/farr3.7.png\",\"width\":1246,\"height\":324},{\"@type\":\"BreadcrumbList\",\"@id\":\"https:\\\/\\\/cercle-nautique-du-touquet.org\\\/index.php\\\/tech-de-fab-le-bois\\\/#breadcrumb\",\"itemListElement\":[{\"@type\":\"ListItem\",\"position\":1,\"name\":\"Accueil\",\"item\":\"https:\\\/\\\/cercle-nautique-du-touquet.org\\\/\"},{\"@type\":\"ListItem\",\"position\":2,\"name\":\"Tech de Fab : Le bois.\"}]},{\"@type\":\"WebSite\",\"@id\":\"https:\\\/\\\/cercle-nautique-du-touquet.org\\\/#website\",\"url\":\"https:\\\/\\\/cercle-nautique-du-touquet.org\\\/\",\"name\":\"Cercle Nautique du Touquet\",\"description\":\"CNT - LE TOUQUET - @ mail : cnt@cercle-nautique-du-touquet.org\",\"publisher\":{\"@id\":\"https:\\\/\\\/cercle-nautique-du-touquet.org\\\/#organization\"},\"potentialAction\":[{\"@type\":\"SearchAction\",\"target\":{\"@type\":\"EntryPoint\",\"urlTemplate\":\"https:\\\/\\\/cercle-nautique-du-touquet.org\\\/?s={search_term_string}\"},\"query-input\":{\"@type\":\"PropertyValueSpecification\",\"valueRequired\":true,\"valueName\":\"search_term_string\"}}],\"inLanguage\":\"fr-FR\"},{\"@type\":\"Organization\",\"@id\":\"https:\\\/\\\/cercle-nautique-du-touquet.org\\\/#organization\",\"name\":\"cercle Nautique du touquet\",\"url\":\"https:\\\/\\\/cercle-nautique-du-touquet.org\\\/\",\"logo\":{\"@type\":\"ImageObject\",\"inLanguage\":\"fr-FR\",\"@id\":\"https:\\\/\\\/cercle-nautique-du-touquet.org\\\/#\\\/schema\\\/logo\\\/image\\\/\",\"url\":\"https:\\\/\\\/cercle-nautique-du-touquet.org\\\/wp-content\\\/uploads\\\/2019\\\/09\\\/WzLRsU-e1579203957195.png\",\"contentUrl\":\"https:\\\/\\\/cercle-nautique-du-touquet.org\\\/wp-content\\\/uploads\\\/2019\\\/09\\\/WzLRsU-e1579203957195.png\",\"width\":112,\"height\":113,\"caption\":\"cercle Nautique du touquet\"},\"image\":{\"@id\":\"https:\\\/\\\/cercle-nautique-du-touquet.org\\\/#\\\/schema\\\/logo\\\/image\\\/\"},\"sameAs\":[\"https:\\\/\\\/www.facebook.com\\\/groups\\\/161569984440804\\\/\",\"https:\\\/\\\/x.com\\\/TouquetCn\"]}]}<\/script>\n<!-- \/ Yoast SEO plugin. -->","yoast_head_json":{"title":"Tech de Fab : Le bois. - Cercle Nautique du Touquet","robots":{"index":"index","follow":"follow","max-snippet":"max-snippet:-1","max-image-preview":"max-image-preview:large","max-video-preview":"max-video-preview:-1"},"canonical":"https:\/\/cercle-nautique-du-touquet.org\/index.php\/tech-de-fab-le-bois\/","og_locale":"fr_FR","og_type":"article","og_title":"Tech de Fab : Le bois. - Cercle Nautique du Touquet","og_description":"Construire un bateau en bois est un Graal.","og_url":"https:\/\/cercle-nautique-du-touquet.org\/index.php\/tech-de-fab-le-bois\/","og_site_name":"Cercle Nautique du Touquet","article_publisher":"https:\/\/www.facebook.com\/groups\/161569984440804\/","article_modified_time":"2020-01-19T22:06:24+00:00","og_image":[{"url":"https:\/\/cercle-nautique-du-touquet.org\/wp-content\/uploads\/2020\/01\/farr3.7-1024x266.png","type":"","width":"","height":""}],"twitter_card":"summary_large_image","twitter_site":"@TouquetCn","twitter_misc":{"Dur\u00e9e de lecture estim\u00e9e":"1 minute"},"schema":{"@context":"https:\/\/schema.org","@graph":[{"@type":"WebPage","@id":"https:\/\/cercle-nautique-du-touquet.org\/index.php\/tech-de-fab-le-bois\/","url":"https:\/\/cercle-nautique-du-touquet.org\/index.php\/tech-de-fab-le-bois\/","name":"Tech de Fab : Le bois. - Cercle Nautique du Touquet","isPartOf":{"@id":"https:\/\/cercle-nautique-du-touquet.org\/#website"},"primaryImageOfPage":{"@id":"https:\/\/cercle-nautique-du-touquet.org\/index.php\/tech-de-fab-le-bois\/#primaryimage"},"image":{"@id":"https:\/\/cercle-nautique-du-touquet.org\/index.php\/tech-de-fab-le-bois\/#primaryimage"},"thumbnailUrl":"https:\/\/cercle-nautique-du-touquet.org\/wp-content\/uploads\/2020\/01\/farr3.7-1024x266.png","datePublished":"2020-01-19T08:49:17+00:00","dateModified":"2020-01-19T22:06:24+00:00","breadcrumb":{"@id":"https:\/\/cercle-nautique-du-touquet.org\/index.php\/tech-de-fab-le-bois\/#breadcrumb"},"inLanguage":"fr-FR","potentialAction":[{"@type":"ReadAction","target":["https:\/\/cercle-nautique-du-touquet.org\/index.php\/tech-de-fab-le-bois\/"]}]},{"@type":"ImageObject","inLanguage":"fr-FR","@id":"https:\/\/cercle-nautique-du-touquet.org\/index.php\/tech-de-fab-le-bois\/#primaryimage","url":"https:\/\/cercle-nautique-du-touquet.org\/wp-content\/uploads\/2020\/01\/farr3.7.png","contentUrl":"https:\/\/cercle-nautique-du-touquet.org\/wp-content\/uploads\/2020\/01\/farr3.7.png","width":1246,"height":324},{"@type":"BreadcrumbList","@id":"https:\/\/cercle-nautique-du-touquet.org\/index.php\/tech-de-fab-le-bois\/#breadcrumb","itemListElement":[{"@type":"ListItem","position":1,"name":"Accueil","item":"https:\/\/cercle-nautique-du-touquet.org\/"},{"@type":"ListItem","position":2,"name":"Tech de Fab : Le bois."}]},{"@type":"WebSite","@id":"https:\/\/cercle-nautique-du-touquet.org\/#website","url":"https:\/\/cercle-nautique-du-touquet.org\/","name":"Cercle Nautique du Touquet","description":"CNT - LE TOUQUET - @ mail : cnt@cercle-nautique-du-touquet.org","publisher":{"@id":"https:\/\/cercle-nautique-du-touquet.org\/#organization"},"potentialAction":[{"@type":"SearchAction","target":{"@type":"EntryPoint","urlTemplate":"https:\/\/cercle-nautique-du-touquet.org\/?s={search_term_string}"},"query-input":{"@type":"PropertyValueSpecification","valueRequired":true,"valueName":"search_term_string"}}],"inLanguage":"fr-FR"},{"@type":"Organization","@id":"https:\/\/cercle-nautique-du-touquet.org\/#organization","name":"cercle Nautique du touquet","url":"https:\/\/cercle-nautique-du-touquet.org\/","logo":{"@type":"ImageObject","inLanguage":"fr-FR","@id":"https:\/\/cercle-nautique-du-touquet.org\/#\/schema\/logo\/image\/","url":"https:\/\/cercle-nautique-du-touquet.org\/wp-content\/uploads\/2019\/09\/WzLRsU-e1579203957195.png","contentUrl":"https:\/\/cercle-nautique-du-touquet.org\/wp-content\/uploads\/2019\/09\/WzLRsU-e1579203957195.png","width":112,"height":113,"caption":"cercle Nautique du touquet"},"image":{"@id":"https:\/\/cercle-nautique-du-touquet.org\/#\/schema\/logo\/image\/"},"sameAs":["https:\/\/www.facebook.com\/groups\/161569984440804\/","https:\/\/x.com\/TouquetCn"]}]}},"_links":{"self":[{"href":"https:\/\/cercle-nautique-du-touquet.org\/index.php\/wp-json\/wp\/v2\/pages\/1353","targetHints":{"allow":["GET"]}}],"collection":[{"href":"https:\/\/cercle-nautique-du-touquet.org\/index.php\/wp-json\/wp\/v2\/pages"}],"about":[{"href":"https:\/\/cercle-nautique-du-touquet.org\/index.php\/wp-json\/wp\/v2\/types\/page"}],"author":[{"embeddable":true,"href":"https:\/\/cercle-nautique-du-touquet.org\/index.php\/wp-json\/wp\/v2\/users\/1"}],"replies":[{"embeddable":true,"href":"https:\/\/cercle-nautique-du-touquet.org\/index.php\/wp-json\/wp\/v2\/comments?post=1353"}],"version-history":[{"count":0,"href":"https:\/\/cercle-nautique-du-touquet.org\/index.php\/wp-json\/wp\/v2\/pages\/1353\/revisions"}],"wp:attachment":[{"href":"https:\/\/cercle-nautique-du-touquet.org\/index.php\/wp-json\/wp\/v2\/media?parent=1353"}],"curies":[{"name":"wp","href":"https:\/\/api.w.org\/{rel}","templated":true}]}}