{"id":1647,"date":"2020-02-17T16:08:28","date_gmt":"2020-02-17T15:08:28","guid":{"rendered":"https:\/\/cercle-nautique-du-touquet.org\/?page_id=1647"},"modified":"2020-05-17T07:22:06","modified_gmt":"2020-05-17T05:22:06","slug":"dates-et-tarifs-paques-et-toussaint-2020-edv","status":"publish","type":"page","link":"https:\/\/cercle-nautique-du-touquet.org\/index.php\/dates-et-tarifs-paques-et-toussaint-2020-edv\/","title":{"rendered":"\u00c9cole de Voile du TOUQUET  &#8211;  Base Nord"},"content":{"rendered":"\n<div class=\"wp-block-cover alignwide\" style=\"background-image:url(https:\/\/cercle-nautique-du-touquet.org\/wp-content\/uploads\/2019\/09\/centre-nautique.png);background-color:#4e8abf;min-height:149px;aspect-ratio:unset;\"><div class=\"wp-block-cover__inner-container is-layout-flow wp-block-cover-is-layout-flow\">\n<p class=\"has-text-align-center has-normal-font-size\"> <\/p>\n<\/div><\/div>\n\n\n\n<p style=\"background-color:#4e8abf\" class=\"has-text-color has-background has-drop-cap has-text-align-left has-normal-font-size has-very-light-gray-color\">\u00c9COLE DE VOILE DU TOUQUET &#8211; Base Nord. LA CANCHE. <br>Le centre nautique est maintenant accessible.  L&rsquo;\u00e9cole de voile se pr\u00e9pare pour la saison de Juillet et Ao\u00fbt.  Les vacances seront pour beaucoup fran\u00e7aises. Le temps de la prise de contact avec l\u2019\u00e9cole est arriv\u00e9. <br>Pour prot\u00e9ger chacun, le protocole de d\u00e9confinement sera appliqu\u00e9 par tous. <br>Ecriver ou appeler le secr\u00e9tariat pour demander renseignements, conseils et compl\u00e9ter les dossiers d&rsquo;inscriptions. <br><strong>Mail : voile@letouquet.com<\/strong> <\/p>\n\n\n\n<p style=\"background-color:#4e8abf;color:#ffffff\" class=\"has-text-color has-background has-drop-cap\"><strong>Centre Nautique de la Baie de Canche<\/strong><br>1 Avenue Jean Ruet \u2013 62520 \u2013 Le Touquet-Paris-Plage<br>T\u00e9l. (33) 03 21 05 12 77 \u2013 Fax (33) 03 21 05 59 77<br><\/p>\n\n\n<a href=\"https:\/\/cercle-nautique-du-touquet.org\/wp-content\/uploads\/2020\/02\/EDV-TARIFS-ET-DATES-PAQUES-ETE-TOUSSAINT-2020.pdf\" class=\"pdfemb-viewer\" style=\"\" data-width=\"max\" data-height=\"max\" data-toolbar=\"bottom\" data-toolbar-fixed=\"on\">EDV-TARIFS-ET-DATES-PAQUES-ETE-TOUSSAINT-2020<\/a>\n<p class=\"wp-block-pdfemb-pdf-embedder-viewer\"><\/p>\n\n\n\n<figure class=\"wp-block-image size-large\"><img loading=\"lazy\" decoding=\"async\" width=\"1024\" height=\"605\" src=\"https:\/\/cercle-nautique-du-touquet.org\/wp-content\/uploads\/2019\/09\/Capture-1024x605.png\" alt=\"ouverture\" class=\"wp-image-494\" srcset=\"https:\/\/cercle-nautique-du-touquet.org\/wp-content\/uploads\/2019\/09\/Capture-1024x605.png 1024w, https:\/\/cercle-nautique-du-touquet.org\/wp-content\/uploads\/2019\/09\/Capture-300x177.png 300w, https:\/\/cercle-nautique-du-touquet.org\/wp-content\/uploads\/2019\/09\/Capture-768x454.png 768w, https:\/\/cercle-nautique-du-touquet.org\/wp-content\/uploads\/2019\/09\/Capture-570x337.png 570w, https:\/\/cercle-nautique-du-touquet.org\/wp-content\/uploads\/2019\/09\/Capture.png 1220w\" sizes=\"auto, (max-width: 1024px) 100vw, 1024px\" \/><\/figure>\n\n\n\n<div class=\"wp-block-group\"><div class=\"wp-block-group__inner-container is-layout-flow wp-block-group-is-layout-flow\">\n<figure class=\"wp-block-gallery columns-4 is-cropped wp-block-gallery-1 is-layout-flex wp-block-gallery-is-layout-flex\"><ul class=\"blocks-gallery-grid\"><li class=\"blocks-gallery-item\"><figure><img loading=\"lazy\" decoding=\"async\" width=\"150\" height=\"150\" src=\"https:\/\/cercle-nautique-du-touquet.org\/wp-content\/uploads\/2019\/09\/IMG_2296-150x150.jpg\" alt=\"\" data-id=\"331\" data-full-url=\"https:\/\/cercle-nautique-du-touquet.org\/wp-content\/uploads\/2019\/09\/IMG_2296.jpg\" data-link=\"https:\/\/cercle-nautique-du-touquet.org\/img_2296\/\" class=\"wp-image-331\" srcset=\"https:\/\/cercle-nautique-du-touquet.org\/wp-content\/uploads\/2019\/09\/IMG_2296-150x150.jpg 150w, https:\/\/cercle-nautique-du-touquet.org\/wp-content\/uploads\/2019\/09\/IMG_2296-510x510.jpg 510w\" sizes=\"auto, (max-width: 150px) 100vw, 150px\" \/><\/figure><\/li><li class=\"blocks-gallery-item\"><figure><img decoding=\"async\" src=\"https:\/\/cercle-nautique-du-touquet.org\/wp-content\/uploads\/2019\/09\/IMG_2299-150x150.jpg\" alt=\"\" data-id=\"328\" data-full-url=\"https:\/\/cercle-nautique-du-touquet.org\/wp-content\/uploads\/2019\/09\/IMG_2299.jpg\" data-link=\"https:\/\/cercle-nautique-du-touquet.org\/img_2299\/\" class=\"wp-image-328\"\/><\/figure><\/li><li class=\"blocks-gallery-item\"><figure><img loading=\"lazy\" decoding=\"async\" width=\"150\" height=\"150\" src=\"https:\/\/cercle-nautique-du-touquet.org\/wp-content\/uploads\/2019\/09\/yogga-150x150.jpg\" alt=\"\" data-id=\"297\" data-full-url=\"https:\/\/cercle-nautique-du-touquet.org\/wp-content\/uploads\/2019\/09\/yogga.jpg\" data-link=\"https:\/\/cercle-nautique-du-touquet.org\/yogga\/\" class=\"wp-image-297\"\/><\/figure><\/li><li class=\"blocks-gallery-item\"><figure><img loading=\"lazy\" decoding=\"async\" width=\"150\" height=\"150\" src=\"https:\/\/cercle-nautique-du-touquet.org\/wp-content\/uploads\/2019\/09\/IMG_2303-e1568993600301-150x150.jpg\" alt=\"\" data-id=\"324\" data-full-url=\"https:\/\/cercle-nautique-du-touquet.org\/wp-content\/uploads\/2019\/09\/IMG_2303-e1568993600301.jpg\" data-link=\"https:\/\/cercle-nautique-du-touquet.org\/img_2303\/\" class=\"wp-image-324\" srcset=\"https:\/\/cercle-nautique-du-touquet.org\/wp-content\/uploads\/2019\/09\/IMG_2303-e1568993600301-150x150.jpg 150w, https:\/\/cercle-nautique-du-touquet.org\/wp-content\/uploads\/2019\/09\/IMG_2303-e1568993600301-300x300.jpg 300w, https:\/\/cercle-nautique-du-touquet.org\/wp-content\/uploads\/2019\/09\/IMG_2303-e1568993600301-768x768.jpg 768w, https:\/\/cercle-nautique-du-touquet.org\/wp-content\/uploads\/2019\/09\/IMG_2303-e1568993600301-1024x1024.jpg 1024w, https:\/\/cercle-nautique-du-touquet.org\/wp-content\/uploads\/2019\/09\/IMG_2303-e1568993600301-570x570.jpg 570w, https:\/\/cercle-nautique-du-touquet.org\/wp-content\/uploads\/2019\/09\/IMG_2303-e1568993600301-510x510.jpg 510w\" sizes=\"auto, (max-width: 150px) 100vw, 150px\" \/><\/figure><\/li><li class=\"blocks-gallery-item\"><figure><img loading=\"lazy\" decoding=\"async\" width=\"150\" height=\"150\" src=\"https:\/\/cercle-nautique-du-touquet.org\/wp-content\/uploads\/2019\/09\/IMG_2300-150x150.jpg\" alt=\"\" data-id=\"327\" data-full-url=\"https:\/\/cercle-nautique-du-touquet.org\/wp-content\/uploads\/2019\/09\/IMG_2300.jpg\" data-link=\"https:\/\/cercle-nautique-du-touquet.org\/index.php\/events\/stage-de-vacances-de-toussaint\/img_2300\/\" class=\"wp-image-327\" srcset=\"https:\/\/cercle-nautique-du-touquet.org\/wp-content\/uploads\/2019\/09\/IMG_2300-150x150.jpg 150w, https:\/\/cercle-nautique-du-touquet.org\/wp-content\/uploads\/2019\/09\/IMG_2300-510x510.jpg 510w\" sizes=\"auto, (max-width: 150px) 100vw, 150px\" \/><\/figure><\/li><li class=\"blocks-gallery-item\"><figure><img loading=\"lazy\" decoding=\"async\" width=\"150\" height=\"150\" src=\"https:\/\/cercle-nautique-du-touquet.org\/wp-content\/uploads\/2019\/09\/IMG_2326-150x150.jpg\" alt=\"\" data-id=\"302\" data-full-url=\"https:\/\/cercle-nautique-du-touquet.org\/wp-content\/uploads\/2019\/09\/IMG_2326.jpg\" data-link=\"https:\/\/cercle-nautique-du-touquet.org\/img_2326\/\" class=\"wp-image-302\" srcset=\"https:\/\/cercle-nautique-du-touquet.org\/wp-content\/uploads\/2019\/09\/IMG_2326-150x150.jpg 150w, https:\/\/cercle-nautique-du-touquet.org\/wp-content\/uploads\/2019\/09\/IMG_2326-510x510.jpg 510w\" sizes=\"auto, (max-width: 150px) 100vw, 150px\" \/><\/figure><\/li><li class=\"blocks-gallery-item\"><figure><img loading=\"lazy\" decoding=\"async\" width=\"150\" height=\"150\" src=\"https:\/\/cercle-nautique-du-touquet.org\/wp-content\/uploads\/2019\/09\/IMG_2293-e1568993396109-150x150.jpg\" alt=\"\" data-id=\"334\" data-full-url=\"https:\/\/cercle-nautique-du-touquet.org\/wp-content\/uploads\/2019\/09\/IMG_2293-e1568993396109.jpg\" data-link=\"https:\/\/cercle-nautique-du-touquet.org\/img_2293\/\" class=\"wp-image-334\" srcset=\"https:\/\/cercle-nautique-du-touquet.org\/wp-content\/uploads\/2019\/09\/IMG_2293-e1568993396109-150x150.jpg 150w, https:\/\/cercle-nautique-du-touquet.org\/wp-content\/uploads\/2019\/09\/IMG_2293-e1568993396109-510x510.jpg 510w\" sizes=\"auto, (max-width: 150px) 100vw, 150px\" \/><\/figure><\/li><li class=\"blocks-gallery-item\"><figure><img loading=\"lazy\" decoding=\"async\" width=\"150\" height=\"150\" src=\"https:\/\/cercle-nautique-du-touquet.org\/wp-content\/uploads\/2019\/09\/IMG_2294-e1568993582443-150x150.jpg\" alt=\"\" data-id=\"333\" data-full-url=\"https:\/\/cercle-nautique-du-touquet.org\/wp-content\/uploads\/2019\/09\/IMG_2294-e1568993582443.jpg\" data-link=\"https:\/\/cercle-nautique-du-touquet.org\/img_2294\/\" class=\"wp-image-333\" srcset=\"https:\/\/cercle-nautique-du-touquet.org\/wp-content\/uploads\/2019\/09\/IMG_2294-e1568993582443-150x150.jpg 150w, https:\/\/cercle-nautique-du-touquet.org\/wp-content\/uploads\/2019\/09\/IMG_2294-e1568993582443-510x510.jpg 510w\" sizes=\"auto, (max-width: 150px) 100vw, 150px\" \/><\/figure><\/li><li class=\"blocks-gallery-item\"><figure><img loading=\"lazy\" decoding=\"async\" width=\"150\" height=\"150\" src=\"https:\/\/cercle-nautique-du-touquet.org\/wp-content\/uploads\/2019\/09\/IMG_2295-150x150.jpg\" alt=\"\" data-id=\"332\" data-full-url=\"https:\/\/cercle-nautique-du-touquet.org\/wp-content\/uploads\/2019\/09\/IMG_2295.jpg\" data-link=\"https:\/\/cercle-nautique-du-touquet.org\/img_2295\/\" class=\"wp-image-332\" srcset=\"https:\/\/cercle-nautique-du-touquet.org\/wp-content\/uploads\/2019\/09\/IMG_2295-150x150.jpg 150w, https:\/\/cercle-nautique-du-touquet.org\/wp-content\/uploads\/2019\/09\/IMG_2295-510x510.jpg 510w\" sizes=\"auto, (max-width: 150px) 100vw, 150px\" \/><\/figure><\/li><li class=\"blocks-gallery-item\"><figure><img loading=\"lazy\" decoding=\"async\" width=\"150\" height=\"150\" src=\"https:\/\/cercle-nautique-du-touquet.org\/wp-content\/uploads\/2019\/09\/WP_20190707_005-150x150.jpg\" alt=\"\" data-id=\"277\" data-full-url=\"https:\/\/cercle-nautique-du-touquet.org\/wp-content\/uploads\/2019\/09\/WP_20190707_005.jpg\" data-link=\"https:\/\/cercle-nautique-du-touquet.org\/wp_20190707_005\/\" class=\"wp-image-277\" srcset=\"https:\/\/cercle-nautique-du-touquet.org\/wp-content\/uploads\/2019\/09\/WP_20190707_005-150x150.jpg 150w, https:\/\/cercle-nautique-du-touquet.org\/wp-content\/uploads\/2019\/09\/WP_20190707_005-510x510.jpg 510w\" sizes=\"auto, (max-width: 150px) 100vw, 150px\" \/><\/figure><\/li><li class=\"blocks-gallery-item\"><figure><img loading=\"lazy\" decoding=\"async\" width=\"150\" height=\"150\" src=\"https:\/\/cercle-nautique-du-touquet.org\/wp-content\/uploads\/2020\/02\/horaire-ecole-de-voile-150x150.png\" alt=\"\" data-id=\"1763\" data-full-url=\"https:\/\/cercle-nautique-du-touquet.org\/wp-content\/uploads\/2020\/02\/horaire-ecole-de-voile.png\" data-link=\"https:\/\/cercle-nautique-du-touquet.org\/index.php\/2020\/02\/21\/preparer-ses-sorties-grace-aux-horaires-de-lecole-de-voile\/horaire-ecole-de-voile\/\" class=\"wp-image-1763\" srcset=\"https:\/\/cercle-nautique-du-touquet.org\/wp-content\/uploads\/2020\/02\/horaire-ecole-de-voile-150x150.png 150w, https:\/\/cercle-nautique-du-touquet.org\/wp-content\/uploads\/2020\/02\/horaire-ecole-de-voile-510x510.png 510w\" sizes=\"auto, (max-width: 150px) 100vw, 150px\" \/><\/figure><\/li><li class=\"blocks-gallery-item\"><figure><img loading=\"lazy\" decoding=\"async\" width=\"150\" height=\"150\" src=\"https:\/\/cercle-nautique-du-touquet.org\/wp-content\/uploads\/2019\/09\/IMG_2325-150x150.jpg\" alt=\"\" data-id=\"303\" data-full-url=\"https:\/\/cercle-nautique-du-touquet.org\/wp-content\/uploads\/2019\/09\/IMG_2325.jpg\" data-link=\"https:\/\/cercle-nautique-du-touquet.org\/img_2325\/\" class=\"wp-image-303\" srcset=\"https:\/\/cercle-nautique-du-touquet.org\/wp-content\/uploads\/2019\/09\/IMG_2325-150x150.jpg 150w, https:\/\/cercle-nautique-du-touquet.org\/wp-content\/uploads\/2019\/09\/IMG_2325-510x510.jpg 510w\" sizes=\"auto, (max-width: 150px) 100vw, 150px\" \/><\/figure><\/li><\/ul><\/figure>\n<\/div><\/div>\n","protected":false},"excerpt":{"rendered":"<p>Dates et Tarifs : P\u00e2ques et Toussaint 2020 EDV<\/p>\n","protected":false},"author":1,"featured_media":0,"parent":0,"menu_order":0,"comment_status":"closed","ping_status":"closed","template":"","meta":{"_mc_calendar":[],"footnotes":""},"class_list":["post-1647","page","type-page","status-publish","czr-hentry"],"yoast_head":"<!-- This site is optimized with the Yoast SEO plugin v27.4 - https:\/\/yoast.com\/product\/yoast-seo-wordpress\/ -->\n<title>\u00c9cole de Voile du TOUQUET - Base Nord - Cercle Nautique du Touquet<\/title>\n<meta name=\"robots\" content=\"index, follow, max-snippet:-1, max-image-preview:large, max-video-preview:-1\" \/>\n<link rel=\"canonical\" href=\"https:\/\/cercle-nautique-du-touquet.org\/index.php\/dates-et-tarifs-paques-et-toussaint-2020-edv\/\" \/>\n<meta property=\"og:locale\" content=\"fr_FR\" \/>\n<meta property=\"og:type\" content=\"article\" \/>\n<meta property=\"og:title\" content=\"\u00c9cole de Voile du TOUQUET - Base Nord - Cercle Nautique du Touquet\" \/>\n<meta property=\"og:description\" content=\"Dates et Tarifs : P\u00e2ques et Toussaint 2020 EDV\" \/>\n<meta property=\"og:url\" content=\"https:\/\/cercle-nautique-du-touquet.org\/index.php\/dates-et-tarifs-paques-et-toussaint-2020-edv\/\" \/>\n<meta property=\"og:site_name\" content=\"Cercle Nautique du Touquet\" \/>\n<meta property=\"article:publisher\" content=\"https:\/\/www.facebook.com\/groups\/161569984440804\/\" \/>\n<meta property=\"article:modified_time\" content=\"2020-05-17T05:22:06+00:00\" \/>\n<meta property=\"og:image\" content=\"https:\/\/cercle-nautique-du-touquet.org\/wp-content\/uploads\/2019\/09\/Capture-1024x605.png\" \/>\n<meta name=\"twitter:card\" content=\"summary_large_image\" \/>\n<meta name=\"twitter:site\" content=\"@TouquetCn\" \/>\n<script type=\"application\/ld+json\" class=\"yoast-schema-graph\">{\"@context\":\"https:\\\/\\\/schema.org\",\"@graph\":[{\"@type\":\"WebPage\",\"@id\":\"https:\\\/\\\/cercle-nautique-du-touquet.org\\\/index.php\\\/dates-et-tarifs-paques-et-toussaint-2020-edv\\\/\",\"url\":\"https:\\\/\\\/cercle-nautique-du-touquet.org\\\/index.php\\\/dates-et-tarifs-paques-et-toussaint-2020-edv\\\/\",\"name\":\"\u00c9cole de Voile du TOUQUET - Base Nord - Cercle Nautique du Touquet\",\"isPartOf\":{\"@id\":\"https:\\\/\\\/cercle-nautique-du-touquet.org\\\/#website\"},\"primaryImageOfPage\":{\"@id\":\"https:\\\/\\\/cercle-nautique-du-touquet.org\\\/index.php\\\/dates-et-tarifs-paques-et-toussaint-2020-edv\\\/#primaryimage\"},\"image\":{\"@id\":\"https:\\\/\\\/cercle-nautique-du-touquet.org\\\/index.php\\\/dates-et-tarifs-paques-et-toussaint-2020-edv\\\/#primaryimage\"},\"thumbnailUrl\":\"https:\\\/\\\/cercle-nautique-du-touquet.org\\\/wp-content\\\/uploads\\\/2019\\\/09\\\/Capture-1024x605.png\",\"datePublished\":\"2020-02-17T15:08:28+00:00\",\"dateModified\":\"2020-05-17T05:22:06+00:00\",\"breadcrumb\":{\"@id\":\"https:\\\/\\\/cercle-nautique-du-touquet.org\\\/index.php\\\/dates-et-tarifs-paques-et-toussaint-2020-edv\\\/#breadcrumb\"},\"inLanguage\":\"fr-FR\",\"potentialAction\":[{\"@type\":\"ReadAction\",\"target\":[\"https:\\\/\\\/cercle-nautique-du-touquet.org\\\/index.php\\\/dates-et-tarifs-paques-et-toussaint-2020-edv\\\/\"]}]},{\"@type\":\"ImageObject\",\"inLanguage\":\"fr-FR\",\"@id\":\"https:\\\/\\\/cercle-nautique-du-touquet.org\\\/index.php\\\/dates-et-tarifs-paques-et-toussaint-2020-edv\\\/#primaryimage\",\"url\":\"https:\\\/\\\/cercle-nautique-du-touquet.org\\\/wp-content\\\/uploads\\\/2019\\\/09\\\/Capture.png\",\"contentUrl\":\"https:\\\/\\\/cercle-nautique-du-touquet.org\\\/wp-content\\\/uploads\\\/2019\\\/09\\\/Capture.png\",\"width\":1220,\"height\":721,\"caption\":\"ouverture\"},{\"@type\":\"BreadcrumbList\",\"@id\":\"https:\\\/\\\/cercle-nautique-du-touquet.org\\\/index.php\\\/dates-et-tarifs-paques-et-toussaint-2020-edv\\\/#breadcrumb\",\"itemListElement\":[{\"@type\":\"ListItem\",\"position\":1,\"name\":\"Accueil\",\"item\":\"https:\\\/\\\/cercle-nautique-du-touquet.org\\\/\"},{\"@type\":\"ListItem\",\"position\":2,\"name\":\"\u00c9cole de Voile du TOUQUET &#8211; Base Nord\"}]},{\"@type\":\"WebSite\",\"@id\":\"https:\\\/\\\/cercle-nautique-du-touquet.org\\\/#website\",\"url\":\"https:\\\/\\\/cercle-nautique-du-touquet.org\\\/\",\"name\":\"Cercle Nautique du Touquet\",\"description\":\"CNT - LE TOUQUET - @ mail : cnt@cercle-nautique-du-touquet.org\",\"publisher\":{\"@id\":\"https:\\\/\\\/cercle-nautique-du-touquet.org\\\/#organization\"},\"potentialAction\":[{\"@type\":\"SearchAction\",\"target\":{\"@type\":\"EntryPoint\",\"urlTemplate\":\"https:\\\/\\\/cercle-nautique-du-touquet.org\\\/?s={search_term_string}\"},\"query-input\":{\"@type\":\"PropertyValueSpecification\",\"valueRequired\":true,\"valueName\":\"search_term_string\"}}],\"inLanguage\":\"fr-FR\"},{\"@type\":\"Organization\",\"@id\":\"https:\\\/\\\/cercle-nautique-du-touquet.org\\\/#organization\",\"name\":\"cercle Nautique du touquet\",\"url\":\"https:\\\/\\\/cercle-nautique-du-touquet.org\\\/\",\"logo\":{\"@type\":\"ImageObject\",\"inLanguage\":\"fr-FR\",\"@id\":\"https:\\\/\\\/cercle-nautique-du-touquet.org\\\/#\\\/schema\\\/logo\\\/image\\\/\",\"url\":\"https:\\\/\\\/cercle-nautique-du-touquet.org\\\/wp-content\\\/uploads\\\/2019\\\/09\\\/WzLRsU-e1579203957195.png\",\"contentUrl\":\"https:\\\/\\\/cercle-nautique-du-touquet.org\\\/wp-content\\\/uploads\\\/2019\\\/09\\\/WzLRsU-e1579203957195.png\",\"width\":112,\"height\":113,\"caption\":\"cercle Nautique du touquet\"},\"image\":{\"@id\":\"https:\\\/\\\/cercle-nautique-du-touquet.org\\\/#\\\/schema\\\/logo\\\/image\\\/\"},\"sameAs\":[\"https:\\\/\\\/www.facebook.com\\\/groups\\\/161569984440804\\\/\",\"https:\\\/\\\/x.com\\\/TouquetCn\"]}]}<\/script>\n<!-- \/ Yoast SEO plugin. -->","yoast_head_json":{"title":"\u00c9cole de Voile du TOUQUET - Base Nord - Cercle Nautique du Touquet","robots":{"index":"index","follow":"follow","max-snippet":"max-snippet:-1","max-image-preview":"max-image-preview:large","max-video-preview":"max-video-preview:-1"},"canonical":"https:\/\/cercle-nautique-du-touquet.org\/index.php\/dates-et-tarifs-paques-et-toussaint-2020-edv\/","og_locale":"fr_FR","og_type":"article","og_title":"\u00c9cole de Voile du TOUQUET - Base Nord - Cercle Nautique du Touquet","og_description":"Dates et Tarifs : P\u00e2ques et Toussaint 2020 EDV","og_url":"https:\/\/cercle-nautique-du-touquet.org\/index.php\/dates-et-tarifs-paques-et-toussaint-2020-edv\/","og_site_name":"Cercle Nautique du Touquet","article_publisher":"https:\/\/www.facebook.com\/groups\/161569984440804\/","article_modified_time":"2020-05-17T05:22:06+00:00","og_image":[{"url":"https:\/\/cercle-nautique-du-touquet.org\/wp-content\/uploads\/2019\/09\/Capture-1024x605.png","type":"","width":"","height":""}],"twitter_card":"summary_large_image","twitter_site":"@TouquetCn","schema":{"@context":"https:\/\/schema.org","@graph":[{"@type":"WebPage","@id":"https:\/\/cercle-nautique-du-touquet.org\/index.php\/dates-et-tarifs-paques-et-toussaint-2020-edv\/","url":"https:\/\/cercle-nautique-du-touquet.org\/index.php\/dates-et-tarifs-paques-et-toussaint-2020-edv\/","name":"\u00c9cole de Voile du TOUQUET - Base Nord - Cercle Nautique du Touquet","isPartOf":{"@id":"https:\/\/cercle-nautique-du-touquet.org\/#website"},"primaryImageOfPage":{"@id":"https:\/\/cercle-nautique-du-touquet.org\/index.php\/dates-et-tarifs-paques-et-toussaint-2020-edv\/#primaryimage"},"image":{"@id":"https:\/\/cercle-nautique-du-touquet.org\/index.php\/dates-et-tarifs-paques-et-toussaint-2020-edv\/#primaryimage"},"thumbnailUrl":"https:\/\/cercle-nautique-du-touquet.org\/wp-content\/uploads\/2019\/09\/Capture-1024x605.png","datePublished":"2020-02-17T15:08:28+00:00","dateModified":"2020-05-17T05:22:06+00:00","breadcrumb":{"@id":"https:\/\/cercle-nautique-du-touquet.org\/index.php\/dates-et-tarifs-paques-et-toussaint-2020-edv\/#breadcrumb"},"inLanguage":"fr-FR","potentialAction":[{"@type":"ReadAction","target":["https:\/\/cercle-nautique-du-touquet.org\/index.php\/dates-et-tarifs-paques-et-toussaint-2020-edv\/"]}]},{"@type":"ImageObject","inLanguage":"fr-FR","@id":"https:\/\/cercle-nautique-du-touquet.org\/index.php\/dates-et-tarifs-paques-et-toussaint-2020-edv\/#primaryimage","url":"https:\/\/cercle-nautique-du-touquet.org\/wp-content\/uploads\/2019\/09\/Capture.png","contentUrl":"https:\/\/cercle-nautique-du-touquet.org\/wp-content\/uploads\/2019\/09\/Capture.png","width":1220,"height":721,"caption":"ouverture"},{"@type":"BreadcrumbList","@id":"https:\/\/cercle-nautique-du-touquet.org\/index.php\/dates-et-tarifs-paques-et-toussaint-2020-edv\/#breadcrumb","itemListElement":[{"@type":"ListItem","position":1,"name":"Accueil","item":"https:\/\/cercle-nautique-du-touquet.org\/"},{"@type":"ListItem","position":2,"name":"\u00c9cole de Voile du TOUQUET &#8211; Base Nord"}]},{"@type":"WebSite","@id":"https:\/\/cercle-nautique-du-touquet.org\/#website","url":"https:\/\/cercle-nautique-du-touquet.org\/","name":"Cercle Nautique du Touquet","description":"CNT - LE TOUQUET - @ mail : cnt@cercle-nautique-du-touquet.org","publisher":{"@id":"https:\/\/cercle-nautique-du-touquet.org\/#organization"},"potentialAction":[{"@type":"SearchAction","target":{"@type":"EntryPoint","urlTemplate":"https:\/\/cercle-nautique-du-touquet.org\/?s={search_term_string}"},"query-input":{"@type":"PropertyValueSpecification","valueRequired":true,"valueName":"search_term_string"}}],"inLanguage":"fr-FR"},{"@type":"Organization","@id":"https:\/\/cercle-nautique-du-touquet.org\/#organization","name":"cercle Nautique du touquet","url":"https:\/\/cercle-nautique-du-touquet.org\/","logo":{"@type":"ImageObject","inLanguage":"fr-FR","@id":"https:\/\/cercle-nautique-du-touquet.org\/#\/schema\/logo\/image\/","url":"https:\/\/cercle-nautique-du-touquet.org\/wp-content\/uploads\/2019\/09\/WzLRsU-e1579203957195.png","contentUrl":"https:\/\/cercle-nautique-du-touquet.org\/wp-content\/uploads\/2019\/09\/WzLRsU-e1579203957195.png","width":112,"height":113,"caption":"cercle Nautique du touquet"},"image":{"@id":"https:\/\/cercle-nautique-du-touquet.org\/#\/schema\/logo\/image\/"},"sameAs":["https:\/\/www.facebook.com\/groups\/161569984440804\/","https:\/\/x.com\/TouquetCn"]}]}},"_links":{"self":[{"href":"https:\/\/cercle-nautique-du-touquet.org\/index.php\/wp-json\/wp\/v2\/pages\/1647","targetHints":{"allow":["GET"]}}],"collection":[{"href":"https:\/\/cercle-nautique-du-touquet.org\/index.php\/wp-json\/wp\/v2\/pages"}],"about":[{"href":"https:\/\/cercle-nautique-du-touquet.org\/index.php\/wp-json\/wp\/v2\/types\/page"}],"author":[{"embeddable":true,"href":"https:\/\/cercle-nautique-du-touquet.org\/index.php\/wp-json\/wp\/v2\/users\/1"}],"replies":[{"embeddable":true,"href":"https:\/\/cercle-nautique-du-touquet.org\/index.php\/wp-json\/wp\/v2\/comments?post=1647"}],"version-history":[{"count":0,"href":"https:\/\/cercle-nautique-du-touquet.org\/index.php\/wp-json\/wp\/v2\/pages\/1647\/revisions"}],"wp:attachment":[{"href":"https:\/\/cercle-nautique-du-touquet.org\/index.php\/wp-json\/wp\/v2\/media?parent=1647"}],"curies":[{"name":"wp","href":"https:\/\/api.w.org\/{rel}","templated":true}]}}