{"id":1844,"date":"2020-03-03T21:40:51","date_gmt":"2020-03-03T20:40:51","guid":{"rendered":"https:\/\/cercle-nautique-du-touquet.org\/?page_id=1844"},"modified":"2020-03-05T20:28:18","modified_gmt":"2020-03-05T19:28:18","slug":"les-hauteurs-de-maree-au-cnt-2020","status":"publish","type":"page","link":"https:\/\/cercle-nautique-du-touquet.org\/index.php\/les-hauteurs-de-maree-au-cnt-2020\/","title":{"rendered":"Les hauteurs de mar\u00e9e au CNT 2020"},"content":{"rendered":"\n<p>Merci \u00e0 Patrick pour cette formalisation tr\u00e8s pratique des hauteurs d&rsquo;eau dans l\u2019entr\u00e9e de la Canche.<br>Bien s\u00fbr, la pr\u00e9cision est alt\u00e9r\u00e9e par certains ph\u00e9nom\u00e8nes que seule la nature maitrise.<\/p>\n\n\n<a href=\"https:\/\/cercle-nautique-du-touquet.org\/wp-content\/uploads\/2020\/03\/SHOM-2020.pdf\" class=\"pdfemb-viewer\" style=\"\" data-width=\"max\" data-height=\"max\" data-toolbar=\"bottom\" data-toolbar-fixed=\"on\">SHOM-2020<\/a>\n<p class=\"wp-block-pdfemb-pdf-embedder-viewer\"><\/p>\n","protected":false},"excerpt":{"rendered":"<p>Merci \u00e0 Patrick pour cette formalisation tr\u00e8s pratique des hauteurs d&rsquo;eau dans l\u2019entr\u00e9e de la Canche.Bien s\u00fbr, la pr\u00e9cision est alt\u00e9r\u00e9e par certains ph\u00e9nom\u00e8nes que seule la nature maitrise.<\/p>\n","protected":false},"author":1,"featured_media":0,"parent":0,"menu_order":0,"comment_status":"closed","ping_status":"closed","template":"","meta":{"_mc_calendar":[],"footnotes":""},"class_list":["post-1844","page","type-page","status-publish","czr-hentry"],"yoast_head":"<!-- This site is optimized with the Yoast SEO plugin v27.3 - https:\/\/yoast.com\/product\/yoast-seo-wordpress\/ -->\n<title>Les hauteurs de mar\u00e9e au CNT 2020 - Cercle Nautique du Touquet<\/title>\n<meta name=\"robots\" content=\"index, follow, max-snippet:-1, max-image-preview:large, max-video-preview:-1\" \/>\n<link rel=\"canonical\" href=\"https:\/\/cercle-nautique-du-touquet.org\/index.php\/les-hauteurs-de-maree-au-cnt-2020\/\" \/>\n<meta property=\"og:locale\" content=\"fr_FR\" \/>\n<meta property=\"og:type\" content=\"article\" \/>\n<meta property=\"og:title\" content=\"Les hauteurs de mar\u00e9e au CNT 2020 - Cercle Nautique du Touquet\" \/>\n<meta property=\"og:description\" content=\"Merci \u00e0 Patrick pour cette formalisation tr\u00e8s pratique des hauteurs d&rsquo;eau dans l\u2019entr\u00e9e de la Canche.Bien s\u00fbr, la pr\u00e9cision est alt\u00e9r\u00e9e par certains ph\u00e9nom\u00e8nes que seule la nature maitrise.\" \/>\n<meta property=\"og:url\" content=\"https:\/\/cercle-nautique-du-touquet.org\/index.php\/les-hauteurs-de-maree-au-cnt-2020\/\" \/>\n<meta property=\"og:site_name\" content=\"Cercle Nautique du Touquet\" \/>\n<meta property=\"article:publisher\" content=\"https:\/\/www.facebook.com\/groups\/161569984440804\/\" \/>\n<meta property=\"article:modified_time\" content=\"2020-03-05T19:28:18+00:00\" \/>\n<meta name=\"twitter:card\" content=\"summary_large_image\" \/>\n<meta name=\"twitter:site\" content=\"@TouquetCn\" \/>\n<script type=\"application\/ld+json\" class=\"yoast-schema-graph\">{\"@context\":\"https:\\\/\\\/schema.org\",\"@graph\":[{\"@type\":\"WebPage\",\"@id\":\"https:\\\/\\\/cercle-nautique-du-touquet.org\\\/index.php\\\/les-hauteurs-de-maree-au-cnt-2020\\\/\",\"url\":\"https:\\\/\\\/cercle-nautique-du-touquet.org\\\/index.php\\\/les-hauteurs-de-maree-au-cnt-2020\\\/\",\"name\":\"Les hauteurs de mar\u00e9e au CNT 2020 - Cercle Nautique du Touquet\",\"isPartOf\":{\"@id\":\"https:\\\/\\\/cercle-nautique-du-touquet.org\\\/#website\"},\"datePublished\":\"2020-03-03T20:40:51+00:00\",\"dateModified\":\"2020-03-05T19:28:18+00:00\",\"breadcrumb\":{\"@id\":\"https:\\\/\\\/cercle-nautique-du-touquet.org\\\/index.php\\\/les-hauteurs-de-maree-au-cnt-2020\\\/#breadcrumb\"},\"inLanguage\":\"fr-FR\",\"potentialAction\":[{\"@type\":\"ReadAction\",\"target\":[\"https:\\\/\\\/cercle-nautique-du-touquet.org\\\/index.php\\\/les-hauteurs-de-maree-au-cnt-2020\\\/\"]}]},{\"@type\":\"BreadcrumbList\",\"@id\":\"https:\\\/\\\/cercle-nautique-du-touquet.org\\\/index.php\\\/les-hauteurs-de-maree-au-cnt-2020\\\/#breadcrumb\",\"itemListElement\":[{\"@type\":\"ListItem\",\"position\":1,\"name\":\"Accueil\",\"item\":\"https:\\\/\\\/cercle-nautique-du-touquet.org\\\/\"},{\"@type\":\"ListItem\",\"position\":2,\"name\":\"Les hauteurs de mar\u00e9e au CNT 2020\"}]},{\"@type\":\"WebSite\",\"@id\":\"https:\\\/\\\/cercle-nautique-du-touquet.org\\\/#website\",\"url\":\"https:\\\/\\\/cercle-nautique-du-touquet.org\\\/\",\"name\":\"Cercle Nautique du Touquet\",\"description\":\"CNT - LE TOUQUET - @ mail : cnt@cercle-nautique-du-touquet.org\",\"publisher\":{\"@id\":\"https:\\\/\\\/cercle-nautique-du-touquet.org\\\/#organization\"},\"potentialAction\":[{\"@type\":\"SearchAction\",\"target\":{\"@type\":\"EntryPoint\",\"urlTemplate\":\"https:\\\/\\\/cercle-nautique-du-touquet.org\\\/?s={search_term_string}\"},\"query-input\":{\"@type\":\"PropertyValueSpecification\",\"valueRequired\":true,\"valueName\":\"search_term_string\"}}],\"inLanguage\":\"fr-FR\"},{\"@type\":\"Organization\",\"@id\":\"https:\\\/\\\/cercle-nautique-du-touquet.org\\\/#organization\",\"name\":\"cercle Nautique du touquet\",\"url\":\"https:\\\/\\\/cercle-nautique-du-touquet.org\\\/\",\"logo\":{\"@type\":\"ImageObject\",\"inLanguage\":\"fr-FR\",\"@id\":\"https:\\\/\\\/cercle-nautique-du-touquet.org\\\/#\\\/schema\\\/logo\\\/image\\\/\",\"url\":\"https:\\\/\\\/cercle-nautique-du-touquet.org\\\/wp-content\\\/uploads\\\/2019\\\/09\\\/WzLRsU-e1579203957195.png\",\"contentUrl\":\"https:\\\/\\\/cercle-nautique-du-touquet.org\\\/wp-content\\\/uploads\\\/2019\\\/09\\\/WzLRsU-e1579203957195.png\",\"width\":112,\"height\":113,\"caption\":\"cercle Nautique du touquet\"},\"image\":{\"@id\":\"https:\\\/\\\/cercle-nautique-du-touquet.org\\\/#\\\/schema\\\/logo\\\/image\\\/\"},\"sameAs\":[\"https:\\\/\\\/www.facebook.com\\\/groups\\\/161569984440804\\\/\",\"https:\\\/\\\/x.com\\\/TouquetCn\"]}]}<\/script>\n<!-- \/ Yoast SEO plugin. -->","yoast_head_json":{"title":"Les hauteurs de mar\u00e9e au CNT 2020 - Cercle Nautique du Touquet","robots":{"index":"index","follow":"follow","max-snippet":"max-snippet:-1","max-image-preview":"max-image-preview:large","max-video-preview":"max-video-preview:-1"},"canonical":"https:\/\/cercle-nautique-du-touquet.org\/index.php\/les-hauteurs-de-maree-au-cnt-2020\/","og_locale":"fr_FR","og_type":"article","og_title":"Les hauteurs de mar\u00e9e au CNT 2020 - Cercle Nautique du Touquet","og_description":"Merci \u00e0 Patrick pour cette formalisation tr\u00e8s pratique des hauteurs d&rsquo;eau dans l\u2019entr\u00e9e de la Canche.Bien s\u00fbr, la pr\u00e9cision est alt\u00e9r\u00e9e par certains ph\u00e9nom\u00e8nes que seule la nature maitrise.","og_url":"https:\/\/cercle-nautique-du-touquet.org\/index.php\/les-hauteurs-de-maree-au-cnt-2020\/","og_site_name":"Cercle Nautique du Touquet","article_publisher":"https:\/\/www.facebook.com\/groups\/161569984440804\/","article_modified_time":"2020-03-05T19:28:18+00:00","twitter_card":"summary_large_image","twitter_site":"@TouquetCn","schema":{"@context":"https:\/\/schema.org","@graph":[{"@type":"WebPage","@id":"https:\/\/cercle-nautique-du-touquet.org\/index.php\/les-hauteurs-de-maree-au-cnt-2020\/","url":"https:\/\/cercle-nautique-du-touquet.org\/index.php\/les-hauteurs-de-maree-au-cnt-2020\/","name":"Les hauteurs de mar\u00e9e au CNT 2020 - Cercle Nautique du Touquet","isPartOf":{"@id":"https:\/\/cercle-nautique-du-touquet.org\/#website"},"datePublished":"2020-03-03T20:40:51+00:00","dateModified":"2020-03-05T19:28:18+00:00","breadcrumb":{"@id":"https:\/\/cercle-nautique-du-touquet.org\/index.php\/les-hauteurs-de-maree-au-cnt-2020\/#breadcrumb"},"inLanguage":"fr-FR","potentialAction":[{"@type":"ReadAction","target":["https:\/\/cercle-nautique-du-touquet.org\/index.php\/les-hauteurs-de-maree-au-cnt-2020\/"]}]},{"@type":"BreadcrumbList","@id":"https:\/\/cercle-nautique-du-touquet.org\/index.php\/les-hauteurs-de-maree-au-cnt-2020\/#breadcrumb","itemListElement":[{"@type":"ListItem","position":1,"name":"Accueil","item":"https:\/\/cercle-nautique-du-touquet.org\/"},{"@type":"ListItem","position":2,"name":"Les hauteurs de mar\u00e9e au CNT 2020"}]},{"@type":"WebSite","@id":"https:\/\/cercle-nautique-du-touquet.org\/#website","url":"https:\/\/cercle-nautique-du-touquet.org\/","name":"Cercle Nautique du Touquet","description":"CNT - LE TOUQUET - @ mail : cnt@cercle-nautique-du-touquet.org","publisher":{"@id":"https:\/\/cercle-nautique-du-touquet.org\/#organization"},"potentialAction":[{"@type":"SearchAction","target":{"@type":"EntryPoint","urlTemplate":"https:\/\/cercle-nautique-du-touquet.org\/?s={search_term_string}"},"query-input":{"@type":"PropertyValueSpecification","valueRequired":true,"valueName":"search_term_string"}}],"inLanguage":"fr-FR"},{"@type":"Organization","@id":"https:\/\/cercle-nautique-du-touquet.org\/#organization","name":"cercle Nautique du touquet","url":"https:\/\/cercle-nautique-du-touquet.org\/","logo":{"@type":"ImageObject","inLanguage":"fr-FR","@id":"https:\/\/cercle-nautique-du-touquet.org\/#\/schema\/logo\/image\/","url":"https:\/\/cercle-nautique-du-touquet.org\/wp-content\/uploads\/2019\/09\/WzLRsU-e1579203957195.png","contentUrl":"https:\/\/cercle-nautique-du-touquet.org\/wp-content\/uploads\/2019\/09\/WzLRsU-e1579203957195.png","width":112,"height":113,"caption":"cercle Nautique du touquet"},"image":{"@id":"https:\/\/cercle-nautique-du-touquet.org\/#\/schema\/logo\/image\/"},"sameAs":["https:\/\/www.facebook.com\/groups\/161569984440804\/","https:\/\/x.com\/TouquetCn"]}]}},"_links":{"self":[{"href":"https:\/\/cercle-nautique-du-touquet.org\/index.php\/wp-json\/wp\/v2\/pages\/1844","targetHints":{"allow":["GET"]}}],"collection":[{"href":"https:\/\/cercle-nautique-du-touquet.org\/index.php\/wp-json\/wp\/v2\/pages"}],"about":[{"href":"https:\/\/cercle-nautique-du-touquet.org\/index.php\/wp-json\/wp\/v2\/types\/page"}],"author":[{"embeddable":true,"href":"https:\/\/cercle-nautique-du-touquet.org\/index.php\/wp-json\/wp\/v2\/users\/1"}],"replies":[{"embeddable":true,"href":"https:\/\/cercle-nautique-du-touquet.org\/index.php\/wp-json\/wp\/v2\/comments?post=1844"}],"version-history":[{"count":0,"href":"https:\/\/cercle-nautique-du-touquet.org\/index.php\/wp-json\/wp\/v2\/pages\/1844\/revisions"}],"wp:attachment":[{"href":"https:\/\/cercle-nautique-du-touquet.org\/index.php\/wp-json\/wp\/v2\/media?parent=1844"}],"curies":[{"name":"wp","href":"https:\/\/api.w.org\/{rel}","templated":true}]}}