{"id":219,"date":"2019-09-11T08:58:55","date_gmt":"2019-09-11T06:58:55","guid":{"rendered":"http:\/\/cercle-nautique-du-touquet.org\/be17813-ovh\/?page_id=219"},"modified":"2019-09-20T17:16:14","modified_gmt":"2019-09-20T15:16:14","slug":"stand-up-paddle-yoga-en-baie-de-canche","status":"publish","type":"page","link":"https:\/\/cercle-nautique-du-touquet.org\/index.php\/stand-up-paddle-yoga-en-baie-de-canche\/","title":{"rendered":"Stand Up Paddle Yoga en Baie de Canche"},"content":{"rendered":"\n<p>\nDans\nun cadre exceptionnel, venez participer \u00e0 un cours de Yoga sur une\nplanche de paddle.<\/p>\n\n\n\n<figure class=\"wp-block-image\"><img loading=\"lazy\" decoding=\"async\" width=\"1000\" height=\"500\" src=\"http:\/\/cercle-nautique-du-touquet.org\/wp-content\/uploads\/2019\/09\/yogga.jpg\" alt=\"\" class=\"wp-image-297\" srcset=\"https:\/\/cercle-nautique-du-touquet.org\/wp-content\/uploads\/2019\/09\/yogga.jpg 1000w, https:\/\/cercle-nautique-du-touquet.org\/wp-content\/uploads\/2019\/09\/yogga-300x150.jpg 300w, https:\/\/cercle-nautique-du-touquet.org\/wp-content\/uploads\/2019\/09\/yogga-768x384.jpg 768w, https:\/\/cercle-nautique-du-touquet.org\/wp-content\/uploads\/2019\/09\/yogga-570x285.jpg 570w\" sizes=\"auto, (max-width: 1000px) 100vw, 1000px\" \/><\/figure>\n\n\n\n<p>\nProfitez\ndu calme ambiant et de la vue imprenable sur la Baie de Canche pour\nr\u00e9aliser vos encha\u00eenements et postures de yoga sur une planche tr\u00e8s\nstable. \n<\/p>\n\n\n\n<p>\nGr\u00e2ce\naux conseils d\u2019un professeur de yoga, vous chercherez \u00e0 tenir vos\npostures tout en gardant votre \u00e9quilibre. \n<\/p>\n\n\n\n<figure class=\"wp-block-image\"><img decoding=\"async\" src=\"https:\/\/cercle-nautique-du-touquet.org\/be17813-ovh\/wp-content\/uploads\/2019\/09\/centre-nautique-2-1024x201.png\" alt=\"\" class=\"wp-image-225\"\/><\/figure>\n\n\n\n<p> <strong>Le Touquet \u00c9quipements et \u00c9v\u00e8nements<\/strong><\/p>\n\n\n\n<p>\n<strong>Centre\nNautique de la Baie de Canche<\/strong><\/p>\n\n\n\n<p>\nT\u00e9l.\n(33) 03 21 05 12 77 &#8211; Fax (33) 03 21 05 59 77<\/p>\n\n\n\n<p>\n1\nAvenue Jean Ruet &#8211; 62520 &#8211; Le Touquet-Paris-Plage<\/p>\n\n\n\n<p>\nE-mail\n: voile@letouquet.com &#8211; <a href=\"http:\/\/www.letouquet.com\/\">www.letouquet.com<\/a>\n\u2013 www.letouquetnautisme.com<\/p>\n\n\n\n<p>\nRCS\nBoulogne-sur-mer 847&nbsp;715&nbsp;380 \u2013 Code NAF&nbsp;: 93.11Z \u2013\nSIRET&nbsp;: 847&nbsp;715&nbsp;380&nbsp;000 14<\/p>\n\n\n\n<p>\nTVA\nIntra&nbsp;: FR 55&nbsp;847&nbsp;715&nbsp;380<\/p>\n","protected":false},"excerpt":{"rendered":"<p> Profitez du calme ambiant et de la vue imprenable sur la Baie de Canche pour r\u00e9aliser vos encha\u00eenements et postures de yoga sur une planche tr\u00e8s stable.  <\/p>\n","protected":false},"author":1,"featured_media":0,"parent":0,"menu_order":0,"comment_status":"closed","ping_status":"closed","template":"","meta":{"_mc_calendar":[],"footnotes":""},"class_list":["post-219","page","type-page","status-publish","czr-hentry"],"yoast_head":"<!-- This site is optimized with the Yoast SEO plugin v27.4 - https:\/\/yoast.com\/product\/yoast-seo-wordpress\/ -->\n<title>Stand Up Paddle Yoga en Baie de Canche - Cercle Nautique du Touquet<\/title>\n<meta name=\"robots\" content=\"index, follow, max-snippet:-1, max-image-preview:large, max-video-preview:-1\" \/>\n<link rel=\"canonical\" href=\"https:\/\/cercle-nautique-du-touquet.org\/index.php\/stand-up-paddle-yoga-en-baie-de-canche\/\" \/>\n<meta property=\"og:locale\" content=\"fr_FR\" \/>\n<meta property=\"og:type\" content=\"article\" \/>\n<meta property=\"og:title\" content=\"Stand Up Paddle Yoga en Baie de Canche - Cercle Nautique du Touquet\" \/>\n<meta property=\"og:description\" content=\"Profitez du calme ambiant et de la vue imprenable sur la Baie de Canche pour r\u00e9aliser vos encha\u00eenements et postures de yoga sur une planche tr\u00e8s stable.\" \/>\n<meta property=\"og:url\" content=\"https:\/\/cercle-nautique-du-touquet.org\/index.php\/stand-up-paddle-yoga-en-baie-de-canche\/\" \/>\n<meta property=\"og:site_name\" content=\"Cercle Nautique du Touquet\" \/>\n<meta property=\"article:publisher\" content=\"https:\/\/www.facebook.com\/groups\/161569984440804\/\" \/>\n<meta property=\"article:modified_time\" content=\"2019-09-20T15:16:14+00:00\" \/>\n<meta property=\"og:image\" content=\"http:\/\/cercle-nautique-du-touquet.org\/wp-content\/uploads\/2019\/09\/yogga.jpg\" \/>\n<meta name=\"twitter:card\" content=\"summary_large_image\" \/>\n<meta name=\"twitter:site\" content=\"@TouquetCn\" \/>\n<meta name=\"twitter:label1\" content=\"Dur\u00e9e de lecture estim\u00e9e\" \/>\n\t<meta name=\"twitter:data1\" content=\"1 minute\" \/>\n<script type=\"application\/ld+json\" class=\"yoast-schema-graph\">{\"@context\":\"https:\\\/\\\/schema.org\",\"@graph\":[{\"@type\":\"WebPage\",\"@id\":\"https:\\\/\\\/cercle-nautique-du-touquet.org\\\/index.php\\\/stand-up-paddle-yoga-en-baie-de-canche\\\/\",\"url\":\"https:\\\/\\\/cercle-nautique-du-touquet.org\\\/index.php\\\/stand-up-paddle-yoga-en-baie-de-canche\\\/\",\"name\":\"Stand Up Paddle Yoga en Baie de Canche - Cercle Nautique du Touquet\",\"isPartOf\":{\"@id\":\"https:\\\/\\\/cercle-nautique-du-touquet.org\\\/#website\"},\"primaryImageOfPage\":{\"@id\":\"https:\\\/\\\/cercle-nautique-du-touquet.org\\\/index.php\\\/stand-up-paddle-yoga-en-baie-de-canche\\\/#primaryimage\"},\"image\":{\"@id\":\"https:\\\/\\\/cercle-nautique-du-touquet.org\\\/index.php\\\/stand-up-paddle-yoga-en-baie-de-canche\\\/#primaryimage\"},\"thumbnailUrl\":\"http:\\\/\\\/cercle-nautique-du-touquet.org\\\/wp-content\\\/uploads\\\/2019\\\/09\\\/yogga.jpg\",\"datePublished\":\"2019-09-11T06:58:55+00:00\",\"dateModified\":\"2019-09-20T15:16:14+00:00\",\"breadcrumb\":{\"@id\":\"https:\\\/\\\/cercle-nautique-du-touquet.org\\\/index.php\\\/stand-up-paddle-yoga-en-baie-de-canche\\\/#breadcrumb\"},\"inLanguage\":\"fr-FR\",\"potentialAction\":[{\"@type\":\"ReadAction\",\"target\":[\"https:\\\/\\\/cercle-nautique-du-touquet.org\\\/index.php\\\/stand-up-paddle-yoga-en-baie-de-canche\\\/\"]}]},{\"@type\":\"ImageObject\",\"inLanguage\":\"fr-FR\",\"@id\":\"https:\\\/\\\/cercle-nautique-du-touquet.org\\\/index.php\\\/stand-up-paddle-yoga-en-baie-de-canche\\\/#primaryimage\",\"url\":\"https:\\\/\\\/cercle-nautique-du-touquet.org\\\/wp-content\\\/uploads\\\/2019\\\/09\\\/yogga.jpg\",\"contentUrl\":\"https:\\\/\\\/cercle-nautique-du-touquet.org\\\/wp-content\\\/uploads\\\/2019\\\/09\\\/yogga.jpg\",\"width\":1000,\"height\":500},{\"@type\":\"BreadcrumbList\",\"@id\":\"https:\\\/\\\/cercle-nautique-du-touquet.org\\\/index.php\\\/stand-up-paddle-yoga-en-baie-de-canche\\\/#breadcrumb\",\"itemListElement\":[{\"@type\":\"ListItem\",\"position\":1,\"name\":\"Accueil\",\"item\":\"https:\\\/\\\/cercle-nautique-du-touquet.org\\\/\"},{\"@type\":\"ListItem\",\"position\":2,\"name\":\"Stand Up Paddle Yoga en Baie de Canche\"}]},{\"@type\":\"WebSite\",\"@id\":\"https:\\\/\\\/cercle-nautique-du-touquet.org\\\/#website\",\"url\":\"https:\\\/\\\/cercle-nautique-du-touquet.org\\\/\",\"name\":\"Cercle Nautique du Touquet\",\"description\":\"CNT - LE TOUQUET - @ mail : cnt@cercle-nautique-du-touquet.org\",\"publisher\":{\"@id\":\"https:\\\/\\\/cercle-nautique-du-touquet.org\\\/#organization\"},\"potentialAction\":[{\"@type\":\"SearchAction\",\"target\":{\"@type\":\"EntryPoint\",\"urlTemplate\":\"https:\\\/\\\/cercle-nautique-du-touquet.org\\\/?s={search_term_string}\"},\"query-input\":{\"@type\":\"PropertyValueSpecification\",\"valueRequired\":true,\"valueName\":\"search_term_string\"}}],\"inLanguage\":\"fr-FR\"},{\"@type\":\"Organization\",\"@id\":\"https:\\\/\\\/cercle-nautique-du-touquet.org\\\/#organization\",\"name\":\"cercle Nautique du touquet\",\"url\":\"https:\\\/\\\/cercle-nautique-du-touquet.org\\\/\",\"logo\":{\"@type\":\"ImageObject\",\"inLanguage\":\"fr-FR\",\"@id\":\"https:\\\/\\\/cercle-nautique-du-touquet.org\\\/#\\\/schema\\\/logo\\\/image\\\/\",\"url\":\"https:\\\/\\\/cercle-nautique-du-touquet.org\\\/wp-content\\\/uploads\\\/2019\\\/09\\\/WzLRsU-e1579203957195.png\",\"contentUrl\":\"https:\\\/\\\/cercle-nautique-du-touquet.org\\\/wp-content\\\/uploads\\\/2019\\\/09\\\/WzLRsU-e1579203957195.png\",\"width\":112,\"height\":113,\"caption\":\"cercle Nautique du touquet\"},\"image\":{\"@id\":\"https:\\\/\\\/cercle-nautique-du-touquet.org\\\/#\\\/schema\\\/logo\\\/image\\\/\"},\"sameAs\":[\"https:\\\/\\\/www.facebook.com\\\/groups\\\/161569984440804\\\/\",\"https:\\\/\\\/x.com\\\/TouquetCn\"]}]}<\/script>\n<!-- \/ Yoast SEO plugin. -->","yoast_head_json":{"title":"Stand Up Paddle Yoga en Baie de Canche - Cercle Nautique du Touquet","robots":{"index":"index","follow":"follow","max-snippet":"max-snippet:-1","max-image-preview":"max-image-preview:large","max-video-preview":"max-video-preview:-1"},"canonical":"https:\/\/cercle-nautique-du-touquet.org\/index.php\/stand-up-paddle-yoga-en-baie-de-canche\/","og_locale":"fr_FR","og_type":"article","og_title":"Stand Up Paddle Yoga en Baie de Canche - Cercle Nautique du Touquet","og_description":"Profitez du calme ambiant et de la vue imprenable sur la Baie de Canche pour r\u00e9aliser vos encha\u00eenements et postures de yoga sur une planche tr\u00e8s stable.","og_url":"https:\/\/cercle-nautique-du-touquet.org\/index.php\/stand-up-paddle-yoga-en-baie-de-canche\/","og_site_name":"Cercle Nautique du Touquet","article_publisher":"https:\/\/www.facebook.com\/groups\/161569984440804\/","article_modified_time":"2019-09-20T15:16:14+00:00","og_image":[{"url":"http:\/\/cercle-nautique-du-touquet.org\/wp-content\/uploads\/2019\/09\/yogga.jpg","type":"","width":"","height":""}],"twitter_card":"summary_large_image","twitter_site":"@TouquetCn","twitter_misc":{"Dur\u00e9e de lecture estim\u00e9e":"1 minute"},"schema":{"@context":"https:\/\/schema.org","@graph":[{"@type":"WebPage","@id":"https:\/\/cercle-nautique-du-touquet.org\/index.php\/stand-up-paddle-yoga-en-baie-de-canche\/","url":"https:\/\/cercle-nautique-du-touquet.org\/index.php\/stand-up-paddle-yoga-en-baie-de-canche\/","name":"Stand Up Paddle Yoga en Baie de Canche - Cercle Nautique du Touquet","isPartOf":{"@id":"https:\/\/cercle-nautique-du-touquet.org\/#website"},"primaryImageOfPage":{"@id":"https:\/\/cercle-nautique-du-touquet.org\/index.php\/stand-up-paddle-yoga-en-baie-de-canche\/#primaryimage"},"image":{"@id":"https:\/\/cercle-nautique-du-touquet.org\/index.php\/stand-up-paddle-yoga-en-baie-de-canche\/#primaryimage"},"thumbnailUrl":"http:\/\/cercle-nautique-du-touquet.org\/wp-content\/uploads\/2019\/09\/yogga.jpg","datePublished":"2019-09-11T06:58:55+00:00","dateModified":"2019-09-20T15:16:14+00:00","breadcrumb":{"@id":"https:\/\/cercle-nautique-du-touquet.org\/index.php\/stand-up-paddle-yoga-en-baie-de-canche\/#breadcrumb"},"inLanguage":"fr-FR","potentialAction":[{"@type":"ReadAction","target":["https:\/\/cercle-nautique-du-touquet.org\/index.php\/stand-up-paddle-yoga-en-baie-de-canche\/"]}]},{"@type":"ImageObject","inLanguage":"fr-FR","@id":"https:\/\/cercle-nautique-du-touquet.org\/index.php\/stand-up-paddle-yoga-en-baie-de-canche\/#primaryimage","url":"https:\/\/cercle-nautique-du-touquet.org\/wp-content\/uploads\/2019\/09\/yogga.jpg","contentUrl":"https:\/\/cercle-nautique-du-touquet.org\/wp-content\/uploads\/2019\/09\/yogga.jpg","width":1000,"height":500},{"@type":"BreadcrumbList","@id":"https:\/\/cercle-nautique-du-touquet.org\/index.php\/stand-up-paddle-yoga-en-baie-de-canche\/#breadcrumb","itemListElement":[{"@type":"ListItem","position":1,"name":"Accueil","item":"https:\/\/cercle-nautique-du-touquet.org\/"},{"@type":"ListItem","position":2,"name":"Stand Up Paddle Yoga en Baie de Canche"}]},{"@type":"WebSite","@id":"https:\/\/cercle-nautique-du-touquet.org\/#website","url":"https:\/\/cercle-nautique-du-touquet.org\/","name":"Cercle Nautique du Touquet","description":"CNT - LE TOUQUET - @ mail : cnt@cercle-nautique-du-touquet.org","publisher":{"@id":"https:\/\/cercle-nautique-du-touquet.org\/#organization"},"potentialAction":[{"@type":"SearchAction","target":{"@type":"EntryPoint","urlTemplate":"https:\/\/cercle-nautique-du-touquet.org\/?s={search_term_string}"},"query-input":{"@type":"PropertyValueSpecification","valueRequired":true,"valueName":"search_term_string"}}],"inLanguage":"fr-FR"},{"@type":"Organization","@id":"https:\/\/cercle-nautique-du-touquet.org\/#organization","name":"cercle Nautique du touquet","url":"https:\/\/cercle-nautique-du-touquet.org\/","logo":{"@type":"ImageObject","inLanguage":"fr-FR","@id":"https:\/\/cercle-nautique-du-touquet.org\/#\/schema\/logo\/image\/","url":"https:\/\/cercle-nautique-du-touquet.org\/wp-content\/uploads\/2019\/09\/WzLRsU-e1579203957195.png","contentUrl":"https:\/\/cercle-nautique-du-touquet.org\/wp-content\/uploads\/2019\/09\/WzLRsU-e1579203957195.png","width":112,"height":113,"caption":"cercle Nautique du touquet"},"image":{"@id":"https:\/\/cercle-nautique-du-touquet.org\/#\/schema\/logo\/image\/"},"sameAs":["https:\/\/www.facebook.com\/groups\/161569984440804\/","https:\/\/x.com\/TouquetCn"]}]}},"_links":{"self":[{"href":"https:\/\/cercle-nautique-du-touquet.org\/index.php\/wp-json\/wp\/v2\/pages\/219","targetHints":{"allow":["GET"]}}],"collection":[{"href":"https:\/\/cercle-nautique-du-touquet.org\/index.php\/wp-json\/wp\/v2\/pages"}],"about":[{"href":"https:\/\/cercle-nautique-du-touquet.org\/index.php\/wp-json\/wp\/v2\/types\/page"}],"author":[{"embeddable":true,"href":"https:\/\/cercle-nautique-du-touquet.org\/index.php\/wp-json\/wp\/v2\/users\/1"}],"replies":[{"embeddable":true,"href":"https:\/\/cercle-nautique-du-touquet.org\/index.php\/wp-json\/wp\/v2\/comments?post=219"}],"version-history":[{"count":0,"href":"https:\/\/cercle-nautique-du-touquet.org\/index.php\/wp-json\/wp\/v2\/pages\/219\/revisions"}],"wp:attachment":[{"href":"https:\/\/cercle-nautique-du-touquet.org\/index.php\/wp-json\/wp\/v2\/media?parent=219"}],"curies":[{"name":"wp","href":"https:\/\/api.w.org\/{rel}","templated":true}]}}