{"id":252,"date":"2019-09-11T09:31:34","date_gmt":"2019-09-11T07:31:34","guid":{"rendered":"http:\/\/cercle-nautique-du-touquet.org\/be17813-ovh\/?page_id=252"},"modified":"2019-09-20T23:32:47","modified_gmt":"2019-09-20T21:32:47","slug":"le-cercle-nautique-du-touquet","status":"publish","type":"page","link":"https:\/\/cercle-nautique-du-touquet.org\/index.php\/le-cercle-nautique-du-touquet\/","title":{"rendered":"Le cercle Nautique du Touquet"},"content":{"rendered":"\n<p>Bienvenue sur le site du Cercle Nautique du Touquet. C&rsquo;est un lien pour les membres comme pour les amoureux de la voile et de la mer. <\/p>\n\n\n\n<p>Notre cercle nautique se trouve dans l&rsquo;estuaire de la canche sur le cot\u00e9 sud.<\/p>\n\n\n\n<p style=\"text-align:left\">Le CNT, association fond\u00e9e en 1934 est l\u2019une des plus anciennes et des plus importantes associations de la station. De surcro\u00eet, elle a pour objet la promotion de la navigation, activit\u00e9 logiquement pr\u00e9pond\u00e9rante dans une station baln\u00e9aire. Au fil des ans l\u2019association a construit notamment le club house et les hangars. On ajoutera que le Cercle Nautique du Touquet ( CNT) a cr\u00e9\u00e9 et anim\u00e9 la plus importante \u00e9cole de voile associative au nord de Paris <\/p>\n\n\n\n<p>Cercle Nautique du Touaquet<\/p>\n\n\n\n<p>1 Avenue Jean Ruet \u2013 62520 \u2013 Le Touquet-Paris-Plage<\/p>\n\n\n\n<p><\/p>\n","protected":false},"excerpt":{"rendered":"<p>Bienvenue sur le site du Cercle Nautique du Touquet. C&rsquo;est un lien pour les membres comme pour les amoureux de la voile et de la mer. Notre cercle nautique se trouve dans l&rsquo;estuaire de la canche sur le cot\u00e9 sud. Le CNT, association fond\u00e9e en 1934 est l\u2019une des plus anciennes et des plus importantes [&hellip;]<\/p>\n","protected":false},"author":1,"featured_media":96,"parent":0,"menu_order":0,"comment_status":"closed","ping_status":"closed","template":"","meta":{"_mc_calendar":[],"footnotes":""},"class_list":["post-252","page","type-page","status-publish","has-post-thumbnail","czr-hentry"],"yoast_head":"<!-- This site is optimized with the Yoast SEO plugin v27.4 - https:\/\/yoast.com\/product\/yoast-seo-wordpress\/ -->\n<title>Le cercle Nautique du Touquet - Cercle Nautique du Touquet<\/title>\n<meta name=\"robots\" content=\"index, follow, max-snippet:-1, max-image-preview:large, max-video-preview:-1\" \/>\n<link rel=\"canonical\" href=\"https:\/\/cercle-nautique-du-touquet.org\/index.php\/le-cercle-nautique-du-touquet\/\" \/>\n<meta property=\"og:locale\" content=\"fr_FR\" \/>\n<meta property=\"og:type\" content=\"article\" \/>\n<meta property=\"og:title\" content=\"Le cercle Nautique du Touquet - Cercle Nautique du Touquet\" \/>\n<meta property=\"og:description\" content=\"Bienvenue sur le site du Cercle Nautique du Touquet. C&rsquo;est un lien pour les membres comme pour les amoureux de la voile et de la mer. Notre cercle nautique se trouve dans l&rsquo;estuaire de la canche sur le cot\u00e9 sud. Le CNT, association fond\u00e9e en 1934 est l\u2019une des plus anciennes et des plus importantes [&hellip;]\" \/>\n<meta property=\"og:url\" content=\"https:\/\/cercle-nautique-du-touquet.org\/index.php\/le-cercle-nautique-du-touquet\/\" \/>\n<meta property=\"og:site_name\" content=\"Cercle Nautique du Touquet\" \/>\n<meta property=\"article:publisher\" content=\"https:\/\/www.facebook.com\/groups\/161569984440804\/\" \/>\n<meta property=\"article:modified_time\" content=\"2019-09-20T21:32:47+00:00\" \/>\n<meta name=\"twitter:card\" content=\"summary_large_image\" \/>\n<meta name=\"twitter:site\" content=\"@TouquetCn\" \/>\n<meta name=\"twitter:label1\" content=\"Dur\u00e9e de lecture estim\u00e9e\" \/>\n\t<meta name=\"twitter:data1\" content=\"1 minute\" \/>\n<script type=\"application\/ld+json\" class=\"yoast-schema-graph\">{\"@context\":\"https:\\\/\\\/schema.org\",\"@graph\":[{\"@type\":\"WebPage\",\"@id\":\"https:\\\/\\\/cercle-nautique-du-touquet.org\\\/index.php\\\/le-cercle-nautique-du-touquet\\\/\",\"url\":\"https:\\\/\\\/cercle-nautique-du-touquet.org\\\/index.php\\\/le-cercle-nautique-du-touquet\\\/\",\"name\":\"Le cercle Nautique du Touquet - Cercle Nautique du Touquet\",\"isPartOf\":{\"@id\":\"https:\\\/\\\/cercle-nautique-du-touquet.org\\\/#website\"},\"primaryImageOfPage\":{\"@id\":\"https:\\\/\\\/cercle-nautique-du-touquet.org\\\/index.php\\\/le-cercle-nautique-du-touquet\\\/#primaryimage\"},\"image\":{\"@id\":\"https:\\\/\\\/cercle-nautique-du-touquet.org\\\/index.php\\\/le-cercle-nautique-du-touquet\\\/#primaryimage\"},\"thumbnailUrl\":\"\",\"datePublished\":\"2019-09-11T07:31:34+00:00\",\"dateModified\":\"2019-09-20T21:32:47+00:00\",\"breadcrumb\":{\"@id\":\"https:\\\/\\\/cercle-nautique-du-touquet.org\\\/index.php\\\/le-cercle-nautique-du-touquet\\\/#breadcrumb\"},\"inLanguage\":\"fr-FR\",\"potentialAction\":[{\"@type\":\"ReadAction\",\"target\":[\"https:\\\/\\\/cercle-nautique-du-touquet.org\\\/index.php\\\/le-cercle-nautique-du-touquet\\\/\"]}]},{\"@type\":\"ImageObject\",\"inLanguage\":\"fr-FR\",\"@id\":\"https:\\\/\\\/cercle-nautique-du-touquet.org\\\/index.php\\\/le-cercle-nautique-du-touquet\\\/#primaryimage\",\"url\":\"\",\"contentUrl\":\"\"},{\"@type\":\"BreadcrumbList\",\"@id\":\"https:\\\/\\\/cercle-nautique-du-touquet.org\\\/index.php\\\/le-cercle-nautique-du-touquet\\\/#breadcrumb\",\"itemListElement\":[{\"@type\":\"ListItem\",\"position\":1,\"name\":\"Accueil\",\"item\":\"https:\\\/\\\/cercle-nautique-du-touquet.org\\\/\"},{\"@type\":\"ListItem\",\"position\":2,\"name\":\"Le cercle Nautique du Touquet\"}]},{\"@type\":\"WebSite\",\"@id\":\"https:\\\/\\\/cercle-nautique-du-touquet.org\\\/#website\",\"url\":\"https:\\\/\\\/cercle-nautique-du-touquet.org\\\/\",\"name\":\"Cercle Nautique du Touquet\",\"description\":\"CNT - LE TOUQUET - @ mail : cnt@cercle-nautique-du-touquet.org\",\"publisher\":{\"@id\":\"https:\\\/\\\/cercle-nautique-du-touquet.org\\\/#organization\"},\"potentialAction\":[{\"@type\":\"SearchAction\",\"target\":{\"@type\":\"EntryPoint\",\"urlTemplate\":\"https:\\\/\\\/cercle-nautique-du-touquet.org\\\/?s={search_term_string}\"},\"query-input\":{\"@type\":\"PropertyValueSpecification\",\"valueRequired\":true,\"valueName\":\"search_term_string\"}}],\"inLanguage\":\"fr-FR\"},{\"@type\":\"Organization\",\"@id\":\"https:\\\/\\\/cercle-nautique-du-touquet.org\\\/#organization\",\"name\":\"cercle Nautique du touquet\",\"url\":\"https:\\\/\\\/cercle-nautique-du-touquet.org\\\/\",\"logo\":{\"@type\":\"ImageObject\",\"inLanguage\":\"fr-FR\",\"@id\":\"https:\\\/\\\/cercle-nautique-du-touquet.org\\\/#\\\/schema\\\/logo\\\/image\\\/\",\"url\":\"https:\\\/\\\/cercle-nautique-du-touquet.org\\\/wp-content\\\/uploads\\\/2019\\\/09\\\/WzLRsU-e1579203957195.png\",\"contentUrl\":\"https:\\\/\\\/cercle-nautique-du-touquet.org\\\/wp-content\\\/uploads\\\/2019\\\/09\\\/WzLRsU-e1579203957195.png\",\"width\":112,\"height\":113,\"caption\":\"cercle Nautique du touquet\"},\"image\":{\"@id\":\"https:\\\/\\\/cercle-nautique-du-touquet.org\\\/#\\\/schema\\\/logo\\\/image\\\/\"},\"sameAs\":[\"https:\\\/\\\/www.facebook.com\\\/groups\\\/161569984440804\\\/\",\"https:\\\/\\\/x.com\\\/TouquetCn\"]}]}<\/script>\n<!-- \/ Yoast SEO plugin. -->","yoast_head_json":{"title":"Le cercle Nautique du Touquet - Cercle Nautique du Touquet","robots":{"index":"index","follow":"follow","max-snippet":"max-snippet:-1","max-image-preview":"max-image-preview:large","max-video-preview":"max-video-preview:-1"},"canonical":"https:\/\/cercle-nautique-du-touquet.org\/index.php\/le-cercle-nautique-du-touquet\/","og_locale":"fr_FR","og_type":"article","og_title":"Le cercle Nautique du Touquet - Cercle Nautique du Touquet","og_description":"Bienvenue sur le site du Cercle Nautique du Touquet. C&rsquo;est un lien pour les membres comme pour les amoureux de la voile et de la mer. Notre cercle nautique se trouve dans l&rsquo;estuaire de la canche sur le cot\u00e9 sud. Le CNT, association fond\u00e9e en 1934 est l\u2019une des plus anciennes et des plus importantes [&hellip;]","og_url":"https:\/\/cercle-nautique-du-touquet.org\/index.php\/le-cercle-nautique-du-touquet\/","og_site_name":"Cercle Nautique du Touquet","article_publisher":"https:\/\/www.facebook.com\/groups\/161569984440804\/","article_modified_time":"2019-09-20T21:32:47+00:00","twitter_card":"summary_large_image","twitter_site":"@TouquetCn","twitter_misc":{"Dur\u00e9e de lecture estim\u00e9e":"1 minute"},"schema":{"@context":"https:\/\/schema.org","@graph":[{"@type":"WebPage","@id":"https:\/\/cercle-nautique-du-touquet.org\/index.php\/le-cercle-nautique-du-touquet\/","url":"https:\/\/cercle-nautique-du-touquet.org\/index.php\/le-cercle-nautique-du-touquet\/","name":"Le cercle Nautique du Touquet - Cercle Nautique du Touquet","isPartOf":{"@id":"https:\/\/cercle-nautique-du-touquet.org\/#website"},"primaryImageOfPage":{"@id":"https:\/\/cercle-nautique-du-touquet.org\/index.php\/le-cercle-nautique-du-touquet\/#primaryimage"},"image":{"@id":"https:\/\/cercle-nautique-du-touquet.org\/index.php\/le-cercle-nautique-du-touquet\/#primaryimage"},"thumbnailUrl":"","datePublished":"2019-09-11T07:31:34+00:00","dateModified":"2019-09-20T21:32:47+00:00","breadcrumb":{"@id":"https:\/\/cercle-nautique-du-touquet.org\/index.php\/le-cercle-nautique-du-touquet\/#breadcrumb"},"inLanguage":"fr-FR","potentialAction":[{"@type":"ReadAction","target":["https:\/\/cercle-nautique-du-touquet.org\/index.php\/le-cercle-nautique-du-touquet\/"]}]},{"@type":"ImageObject","inLanguage":"fr-FR","@id":"https:\/\/cercle-nautique-du-touquet.org\/index.php\/le-cercle-nautique-du-touquet\/#primaryimage","url":"","contentUrl":""},{"@type":"BreadcrumbList","@id":"https:\/\/cercle-nautique-du-touquet.org\/index.php\/le-cercle-nautique-du-touquet\/#breadcrumb","itemListElement":[{"@type":"ListItem","position":1,"name":"Accueil","item":"https:\/\/cercle-nautique-du-touquet.org\/"},{"@type":"ListItem","position":2,"name":"Le cercle Nautique du Touquet"}]},{"@type":"WebSite","@id":"https:\/\/cercle-nautique-du-touquet.org\/#website","url":"https:\/\/cercle-nautique-du-touquet.org\/","name":"Cercle Nautique du Touquet","description":"CNT - LE TOUQUET - @ mail : cnt@cercle-nautique-du-touquet.org","publisher":{"@id":"https:\/\/cercle-nautique-du-touquet.org\/#organization"},"potentialAction":[{"@type":"SearchAction","target":{"@type":"EntryPoint","urlTemplate":"https:\/\/cercle-nautique-du-touquet.org\/?s={search_term_string}"},"query-input":{"@type":"PropertyValueSpecification","valueRequired":true,"valueName":"search_term_string"}}],"inLanguage":"fr-FR"},{"@type":"Organization","@id":"https:\/\/cercle-nautique-du-touquet.org\/#organization","name":"cercle Nautique du touquet","url":"https:\/\/cercle-nautique-du-touquet.org\/","logo":{"@type":"ImageObject","inLanguage":"fr-FR","@id":"https:\/\/cercle-nautique-du-touquet.org\/#\/schema\/logo\/image\/","url":"https:\/\/cercle-nautique-du-touquet.org\/wp-content\/uploads\/2019\/09\/WzLRsU-e1579203957195.png","contentUrl":"https:\/\/cercle-nautique-du-touquet.org\/wp-content\/uploads\/2019\/09\/WzLRsU-e1579203957195.png","width":112,"height":113,"caption":"cercle Nautique du touquet"},"image":{"@id":"https:\/\/cercle-nautique-du-touquet.org\/#\/schema\/logo\/image\/"},"sameAs":["https:\/\/www.facebook.com\/groups\/161569984440804\/","https:\/\/x.com\/TouquetCn"]}]}},"_links":{"self":[{"href":"https:\/\/cercle-nautique-du-touquet.org\/index.php\/wp-json\/wp\/v2\/pages\/252","targetHints":{"allow":["GET"]}}],"collection":[{"href":"https:\/\/cercle-nautique-du-touquet.org\/index.php\/wp-json\/wp\/v2\/pages"}],"about":[{"href":"https:\/\/cercle-nautique-du-touquet.org\/index.php\/wp-json\/wp\/v2\/types\/page"}],"author":[{"embeddable":true,"href":"https:\/\/cercle-nautique-du-touquet.org\/index.php\/wp-json\/wp\/v2\/users\/1"}],"replies":[{"embeddable":true,"href":"https:\/\/cercle-nautique-du-touquet.org\/index.php\/wp-json\/wp\/v2\/comments?post=252"}],"version-history":[{"count":0,"href":"https:\/\/cercle-nautique-du-touquet.org\/index.php\/wp-json\/wp\/v2\/pages\/252\/revisions"}],"wp:featuredmedia":[{"embeddable":true,"href":"https:\/\/cercle-nautique-du-touquet.org\/index.php\/wp-json\/"}],"wp:attachment":[{"href":"https:\/\/cercle-nautique-du-touquet.org\/index.php\/wp-json\/wp\/v2\/media?parent=252"}],"curies":[{"name":"wp","href":"https:\/\/api.w.org\/{rel}","templated":true}]}}