{"id":2667,"date":"2020-06-12T22:12:13","date_gmt":"2020-06-12T20:12:13","guid":{"rendered":"https:\/\/cercle-nautique-du-touquet.org\/?page_id=2667"},"modified":"2020-06-12T22:25:03","modified_gmt":"2020-06-12T20:25:03","slug":"ecole-de-voile-nouvelles-idees-nouvelles-formules","status":"publish","type":"page","link":"https:\/\/cercle-nautique-du-touquet.org\/index.php\/ecole-de-voile-nouvelles-idees-nouvelles-formules\/","title":{"rendered":"Ecole de voile : Nouvelles id\u00e9es, nouvelles formules."},"content":{"rendered":"\n<figure class=\"wp-block-image size-large\"><img loading=\"lazy\" decoding=\"async\" width=\"1024\" height=\"502\" src=\"https:\/\/cercle-nautique-du-touquet.org\/wp-content\/uploads\/2019\/09\/IMG_2299-e1591993324829-1024x502.jpg\" alt=\"\" class=\"wp-image-328\" srcset=\"https:\/\/cercle-nautique-du-touquet.org\/wp-content\/uploads\/2019\/09\/IMG_2299-e1591993324829-1024x502.jpg 1024w, https:\/\/cercle-nautique-du-touquet.org\/wp-content\/uploads\/2019\/09\/IMG_2299-e1591993324829-300x147.jpg 300w, https:\/\/cercle-nautique-du-touquet.org\/wp-content\/uploads\/2019\/09\/IMG_2299-e1591993324829-768x376.jpg 768w, https:\/\/cercle-nautique-du-touquet.org\/wp-content\/uploads\/2019\/09\/IMG_2299-e1591993324829-570x279.jpg 570w, https:\/\/cercle-nautique-du-touquet.org\/wp-content\/uploads\/2019\/09\/IMG_2299-e1591993324829-1536x752.jpg 1536w, https:\/\/cercle-nautique-du-touquet.org\/wp-content\/uploads\/2019\/09\/IMG_2299-e1591993324829-2048x1003.jpg 2048w\" sizes=\"auto, (max-width: 1024px) 100vw, 1024px\" \/><\/figure>\n\n\n\n<p>Le d\u00e9sespoir de voir la saison se dissoudre dans le virus aura stimul\u00e9 l&rsquo;\u00e9quipe de l&rsquo;\u00e9cole de voile pour trouver des solutions et une nouvelle organisation.<br>Partager la semaine en deux pour doubler les stages, ouvrir sur 6 jours pour utiliser la semaine, cr\u00e9er un stage de pagaie. Bonne saison \u00e0 tous, bons stages aux plaisanciers.<\/p>\n\n\n<a href=\"https:\/\/cercle-nautique-du-touquet.org\/wp-content\/uploads\/2020\/06\/ECOLE-DE-VOILE-TARIFS-ET-DATES-ETE-2020-MODIFS.pdf\" class=\"pdfemb-viewer\" style=\"\" data-width=\"max\" data-height=\"max\" data-toolbar=\"bottom\" data-toolbar-fixed=\"on\">ECOLE-DE-VOILE-TARIFS-ET-DATES-ETE-2020-MODIFS<\/a>\n<p class=\"wp-block-pdfemb-pdf-embedder-viewer\"><\/p>\n\n\n<a href=\"https:\/\/cercle-nautique-du-touquet.org\/wp-content\/uploads\/2020\/06\/ECOLE-DE-VOILE-HORAIRES-2020-MODIFS.pdf\" class=\"pdfemb-viewer\" style=\"\" data-width=\"max\" data-height=\"max\" data-toolbar=\"bottom\" data-toolbar-fixed=\"on\">ECOLE-DE-VOILE-HORAIRES-2020-MODIFS<\/a>\n<p class=\"wp-block-pdfemb-pdf-embedder-viewer\"><\/p>\n","protected":false},"excerpt":{"rendered":"<p>Le d\u00e9sespoir de voir la saison se dissoudre aura stimul\u00e9 l&rsquo;\u00e9quipe de l&rsquo;\u00e9cole de voile pour trouver des solutions et une nouvelle organisation.<br \/>\nPartager la semaine en deux pour doubler les stages, ouvrir sur 6 jours pour utiliser la semaine, cr\u00e9er un stage de pagaie. Bonne saison \u00e0 tous, bons stages aux plaisanciers<\/p>\n","protected":false},"author":1,"featured_media":334,"parent":0,"menu_order":0,"comment_status":"closed","ping_status":"closed","template":"","meta":{"_mc_calendar":[],"footnotes":""},"class_list":["post-2667","page","type-page","status-publish","has-post-thumbnail","czr-hentry"],"yoast_head":"<!-- This site is optimized with the Yoast SEO plugin v27.5 - https:\/\/yoast.com\/product\/yoast-seo-wordpress\/ -->\n<title>Ecole de voile : Nouvelles id\u00e9es, nouvelles formules. - Cercle Nautique du Touquet<\/title>\n<meta name=\"robots\" content=\"index, follow, max-snippet:-1, max-image-preview:large, max-video-preview:-1\" \/>\n<link rel=\"canonical\" href=\"https:\/\/cercle-nautique-du-touquet.org\/index.php\/ecole-de-voile-nouvelles-idees-nouvelles-formules\/\" \/>\n<meta property=\"og:locale\" content=\"fr_FR\" \/>\n<meta property=\"og:type\" content=\"article\" \/>\n<meta property=\"og:title\" content=\"Ecole de voile : Nouvelles id\u00e9es, nouvelles formules. - Cercle Nautique du Touquet\" \/>\n<meta property=\"og:description\" content=\"Le d\u00e9sespoir de voir la saison se dissoudre aura stimul\u00e9 l&#039;\u00e9quipe de l&#039;\u00e9cole de voile pour trouver des solutions et une nouvelle organisation. Partager la semaine en deux pour doubler les stages, ouvrir sur 6 jours pour utiliser la semaine, cr\u00e9er un stage de pagaie. Bonne saison \u00e0 tous, bons stages aux plaisanciers\" \/>\n<meta property=\"og:url\" content=\"https:\/\/cercle-nautique-du-touquet.org\/index.php\/ecole-de-voile-nouvelles-idees-nouvelles-formules\/\" \/>\n<meta property=\"og:site_name\" content=\"Cercle Nautique du Touquet\" \/>\n<meta property=\"article:publisher\" content=\"https:\/\/www.facebook.com\/groups\/161569984440804\/\" \/>\n<meta property=\"article:modified_time\" content=\"2020-06-12T20:25:03+00:00\" \/>\n<meta property=\"og:image\" content=\"https:\/\/cercle-nautique-du-touquet.org\/wp-content\/uploads\/2019\/09\/IMG_2293-e1568993396109.jpg\" \/>\n\t<meta property=\"og:image:width\" content=\"3024\" \/>\n\t<meta property=\"og:image:height\" content=\"4032\" \/>\n\t<meta property=\"og:image:type\" content=\"image\/jpeg\" \/>\n<meta name=\"twitter:card\" content=\"summary_large_image\" \/>\n<meta name=\"twitter:site\" content=\"@TouquetCn\" \/>\n<script type=\"application\/ld+json\" class=\"yoast-schema-graph\">{\"@context\":\"https:\\\/\\\/schema.org\",\"@graph\":[{\"@type\":\"WebPage\",\"@id\":\"https:\\\/\\\/cercle-nautique-du-touquet.org\\\/index.php\\\/ecole-de-voile-nouvelles-idees-nouvelles-formules\\\/\",\"url\":\"https:\\\/\\\/cercle-nautique-du-touquet.org\\\/index.php\\\/ecole-de-voile-nouvelles-idees-nouvelles-formules\\\/\",\"name\":\"Ecole de voile : Nouvelles id\u00e9es, nouvelles formules. - Cercle Nautique du Touquet\",\"isPartOf\":{\"@id\":\"https:\\\/\\\/cercle-nautique-du-touquet.org\\\/#website\"},\"primaryImageOfPage\":{\"@id\":\"https:\\\/\\\/cercle-nautique-du-touquet.org\\\/index.php\\\/ecole-de-voile-nouvelles-idees-nouvelles-formules\\\/#primaryimage\"},\"image\":{\"@id\":\"https:\\\/\\\/cercle-nautique-du-touquet.org\\\/index.php\\\/ecole-de-voile-nouvelles-idees-nouvelles-formules\\\/#primaryimage\"},\"thumbnailUrl\":\"https:\\\/\\\/cercle-nautique-du-touquet.org\\\/wp-content\\\/uploads\\\/2019\\\/09\\\/IMG_2293-e1568993396109.jpg\",\"datePublished\":\"2020-06-12T20:12:13+00:00\",\"dateModified\":\"2020-06-12T20:25:03+00:00\",\"breadcrumb\":{\"@id\":\"https:\\\/\\\/cercle-nautique-du-touquet.org\\\/index.php\\\/ecole-de-voile-nouvelles-idees-nouvelles-formules\\\/#breadcrumb\"},\"inLanguage\":\"fr-FR\",\"potentialAction\":[{\"@type\":\"ReadAction\",\"target\":[\"https:\\\/\\\/cercle-nautique-du-touquet.org\\\/index.php\\\/ecole-de-voile-nouvelles-idees-nouvelles-formules\\\/\"]}]},{\"@type\":\"ImageObject\",\"inLanguage\":\"fr-FR\",\"@id\":\"https:\\\/\\\/cercle-nautique-du-touquet.org\\\/index.php\\\/ecole-de-voile-nouvelles-idees-nouvelles-formules\\\/#primaryimage\",\"url\":\"https:\\\/\\\/cercle-nautique-du-touquet.org\\\/wp-content\\\/uploads\\\/2019\\\/09\\\/IMG_2293-e1568993396109.jpg\",\"contentUrl\":\"https:\\\/\\\/cercle-nautique-du-touquet.org\\\/wp-content\\\/uploads\\\/2019\\\/09\\\/IMG_2293-e1568993396109.jpg\",\"width\":3024,\"height\":4032},{\"@type\":\"BreadcrumbList\",\"@id\":\"https:\\\/\\\/cercle-nautique-du-touquet.org\\\/index.php\\\/ecole-de-voile-nouvelles-idees-nouvelles-formules\\\/#breadcrumb\",\"itemListElement\":[{\"@type\":\"ListItem\",\"position\":1,\"name\":\"Accueil\",\"item\":\"https:\\\/\\\/cercle-nautique-du-touquet.org\\\/\"},{\"@type\":\"ListItem\",\"position\":2,\"name\":\"Ecole de voile : Nouvelles id\u00e9es, nouvelles formules.\"}]},{\"@type\":\"WebSite\",\"@id\":\"https:\\\/\\\/cercle-nautique-du-touquet.org\\\/#website\",\"url\":\"https:\\\/\\\/cercle-nautique-du-touquet.org\\\/\",\"name\":\"Cercle Nautique du Touquet\",\"description\":\"CNT - LE TOUQUET - @ mail : cnt@cercle-nautique-du-touquet.org\",\"publisher\":{\"@id\":\"https:\\\/\\\/cercle-nautique-du-touquet.org\\\/#organization\"},\"potentialAction\":[{\"@type\":\"SearchAction\",\"target\":{\"@type\":\"EntryPoint\",\"urlTemplate\":\"https:\\\/\\\/cercle-nautique-du-touquet.org\\\/?s={search_term_string}\"},\"query-input\":{\"@type\":\"PropertyValueSpecification\",\"valueRequired\":true,\"valueName\":\"search_term_string\"}}],\"inLanguage\":\"fr-FR\"},{\"@type\":\"Organization\",\"@id\":\"https:\\\/\\\/cercle-nautique-du-touquet.org\\\/#organization\",\"name\":\"cercle Nautique du touquet\",\"url\":\"https:\\\/\\\/cercle-nautique-du-touquet.org\\\/\",\"logo\":{\"@type\":\"ImageObject\",\"inLanguage\":\"fr-FR\",\"@id\":\"https:\\\/\\\/cercle-nautique-du-touquet.org\\\/#\\\/schema\\\/logo\\\/image\\\/\",\"url\":\"https:\\\/\\\/cercle-nautique-du-touquet.org\\\/wp-content\\\/uploads\\\/2019\\\/09\\\/WzLRsU-e1579203957195.png\",\"contentUrl\":\"https:\\\/\\\/cercle-nautique-du-touquet.org\\\/wp-content\\\/uploads\\\/2019\\\/09\\\/WzLRsU-e1579203957195.png\",\"width\":112,\"height\":113,\"caption\":\"cercle Nautique du touquet\"},\"image\":{\"@id\":\"https:\\\/\\\/cercle-nautique-du-touquet.org\\\/#\\\/schema\\\/logo\\\/image\\\/\"},\"sameAs\":[\"https:\\\/\\\/www.facebook.com\\\/groups\\\/161569984440804\\\/\",\"https:\\\/\\\/x.com\\\/TouquetCn\"]}]}<\/script>\n<!-- \/ Yoast SEO plugin. -->","yoast_head_json":{"title":"Ecole de voile : Nouvelles id\u00e9es, nouvelles formules. - Cercle Nautique du Touquet","robots":{"index":"index","follow":"follow","max-snippet":"max-snippet:-1","max-image-preview":"max-image-preview:large","max-video-preview":"max-video-preview:-1"},"canonical":"https:\/\/cercle-nautique-du-touquet.org\/index.php\/ecole-de-voile-nouvelles-idees-nouvelles-formules\/","og_locale":"fr_FR","og_type":"article","og_title":"Ecole de voile : Nouvelles id\u00e9es, nouvelles formules. - Cercle Nautique du Touquet","og_description":"Le d\u00e9sespoir de voir la saison se dissoudre aura stimul\u00e9 l'\u00e9quipe de l'\u00e9cole de voile pour trouver des solutions et une nouvelle organisation. Partager la semaine en deux pour doubler les stages, ouvrir sur 6 jours pour utiliser la semaine, cr\u00e9er un stage de pagaie. Bonne saison \u00e0 tous, bons stages aux plaisanciers","og_url":"https:\/\/cercle-nautique-du-touquet.org\/index.php\/ecole-de-voile-nouvelles-idees-nouvelles-formules\/","og_site_name":"Cercle Nautique du Touquet","article_publisher":"https:\/\/www.facebook.com\/groups\/161569984440804\/","article_modified_time":"2020-06-12T20:25:03+00:00","og_image":[{"width":3024,"height":4032,"url":"https:\/\/cercle-nautique-du-touquet.org\/wp-content\/uploads\/2019\/09\/IMG_2293-e1568993396109.jpg","type":"image\/jpeg"}],"twitter_card":"summary_large_image","twitter_site":"@TouquetCn","schema":{"@context":"https:\/\/schema.org","@graph":[{"@type":"WebPage","@id":"https:\/\/cercle-nautique-du-touquet.org\/index.php\/ecole-de-voile-nouvelles-idees-nouvelles-formules\/","url":"https:\/\/cercle-nautique-du-touquet.org\/index.php\/ecole-de-voile-nouvelles-idees-nouvelles-formules\/","name":"Ecole de voile : Nouvelles id\u00e9es, nouvelles formules. - Cercle Nautique du Touquet","isPartOf":{"@id":"https:\/\/cercle-nautique-du-touquet.org\/#website"},"primaryImageOfPage":{"@id":"https:\/\/cercle-nautique-du-touquet.org\/index.php\/ecole-de-voile-nouvelles-idees-nouvelles-formules\/#primaryimage"},"image":{"@id":"https:\/\/cercle-nautique-du-touquet.org\/index.php\/ecole-de-voile-nouvelles-idees-nouvelles-formules\/#primaryimage"},"thumbnailUrl":"https:\/\/cercle-nautique-du-touquet.org\/wp-content\/uploads\/2019\/09\/IMG_2293-e1568993396109.jpg","datePublished":"2020-06-12T20:12:13+00:00","dateModified":"2020-06-12T20:25:03+00:00","breadcrumb":{"@id":"https:\/\/cercle-nautique-du-touquet.org\/index.php\/ecole-de-voile-nouvelles-idees-nouvelles-formules\/#breadcrumb"},"inLanguage":"fr-FR","potentialAction":[{"@type":"ReadAction","target":["https:\/\/cercle-nautique-du-touquet.org\/index.php\/ecole-de-voile-nouvelles-idees-nouvelles-formules\/"]}]},{"@type":"ImageObject","inLanguage":"fr-FR","@id":"https:\/\/cercle-nautique-du-touquet.org\/index.php\/ecole-de-voile-nouvelles-idees-nouvelles-formules\/#primaryimage","url":"https:\/\/cercle-nautique-du-touquet.org\/wp-content\/uploads\/2019\/09\/IMG_2293-e1568993396109.jpg","contentUrl":"https:\/\/cercle-nautique-du-touquet.org\/wp-content\/uploads\/2019\/09\/IMG_2293-e1568993396109.jpg","width":3024,"height":4032},{"@type":"BreadcrumbList","@id":"https:\/\/cercle-nautique-du-touquet.org\/index.php\/ecole-de-voile-nouvelles-idees-nouvelles-formules\/#breadcrumb","itemListElement":[{"@type":"ListItem","position":1,"name":"Accueil","item":"https:\/\/cercle-nautique-du-touquet.org\/"},{"@type":"ListItem","position":2,"name":"Ecole de voile : Nouvelles id\u00e9es, nouvelles formules."}]},{"@type":"WebSite","@id":"https:\/\/cercle-nautique-du-touquet.org\/#website","url":"https:\/\/cercle-nautique-du-touquet.org\/","name":"Cercle Nautique du Touquet","description":"CNT - LE TOUQUET - @ mail : cnt@cercle-nautique-du-touquet.org","publisher":{"@id":"https:\/\/cercle-nautique-du-touquet.org\/#organization"},"potentialAction":[{"@type":"SearchAction","target":{"@type":"EntryPoint","urlTemplate":"https:\/\/cercle-nautique-du-touquet.org\/?s={search_term_string}"},"query-input":{"@type":"PropertyValueSpecification","valueRequired":true,"valueName":"search_term_string"}}],"inLanguage":"fr-FR"},{"@type":"Organization","@id":"https:\/\/cercle-nautique-du-touquet.org\/#organization","name":"cercle Nautique du touquet","url":"https:\/\/cercle-nautique-du-touquet.org\/","logo":{"@type":"ImageObject","inLanguage":"fr-FR","@id":"https:\/\/cercle-nautique-du-touquet.org\/#\/schema\/logo\/image\/","url":"https:\/\/cercle-nautique-du-touquet.org\/wp-content\/uploads\/2019\/09\/WzLRsU-e1579203957195.png","contentUrl":"https:\/\/cercle-nautique-du-touquet.org\/wp-content\/uploads\/2019\/09\/WzLRsU-e1579203957195.png","width":112,"height":113,"caption":"cercle Nautique du touquet"},"image":{"@id":"https:\/\/cercle-nautique-du-touquet.org\/#\/schema\/logo\/image\/"},"sameAs":["https:\/\/www.facebook.com\/groups\/161569984440804\/","https:\/\/x.com\/TouquetCn"]}]}},"_links":{"self":[{"href":"https:\/\/cercle-nautique-du-touquet.org\/index.php\/wp-json\/wp\/v2\/pages\/2667","targetHints":{"allow":["GET"]}}],"collection":[{"href":"https:\/\/cercle-nautique-du-touquet.org\/index.php\/wp-json\/wp\/v2\/pages"}],"about":[{"href":"https:\/\/cercle-nautique-du-touquet.org\/index.php\/wp-json\/wp\/v2\/types\/page"}],"author":[{"embeddable":true,"href":"https:\/\/cercle-nautique-du-touquet.org\/index.php\/wp-json\/wp\/v2\/users\/1"}],"replies":[{"embeddable":true,"href":"https:\/\/cercle-nautique-du-touquet.org\/index.php\/wp-json\/wp\/v2\/comments?post=2667"}],"version-history":[{"count":0,"href":"https:\/\/cercle-nautique-du-touquet.org\/index.php\/wp-json\/wp\/v2\/pages\/2667\/revisions"}],"wp:featuredmedia":[{"embeddable":true,"href":"https:\/\/cercle-nautique-du-touquet.org\/index.php\/wp-json\/wp\/v2\/media\/334"}],"wp:attachment":[{"href":"https:\/\/cercle-nautique-du-touquet.org\/index.php\/wp-json\/wp\/v2\/media?parent=2667"}],"curies":[{"name":"wp","href":"https:\/\/api.w.org\/{rel}","templated":true}]}}