{"id":3506,"date":"2020-12-05T10:45:43","date_gmt":"2020-12-05T09:45:43","guid":{"rendered":"https:\/\/cercle-nautique-du-touquet.org\/?page_id=3506"},"modified":"2020-12-05T11:45:13","modified_gmt":"2020-12-05T10:45:13","slug":"2021-la-liberation-cela-se-prepare","status":"publish","type":"page","link":"https:\/\/cercle-nautique-du-touquet.org\/index.php\/2021-la-liberation-cela-se-prepare\/","title":{"rendered":"2021 : La lib\u00e9ration, cela se pr\u00e9pare."},"content":{"rendered":"\n<p>Apr\u00e8s cette triste ann\u00e9e de confinement nous allons pouvoir tr\u00e8s certainement profiter de nos bateaux, planches, Padles, kayaks, bateaux \u00e0 moteur et croiseurs en 2021.  Pour cela, participer \u00e0 la vie du club en cotisant est important. C&rsquo;est en se regroupant que l&rsquo;on partage sa passion. Une vie de Club. <br>Vous pouvez recharger les documents \u00e0 partir des raccourcis sur le bandeau de gauche sur cette page et nous faire parvenir votre r\u00e9glement. La cotisation au CNT et votre Licence-assurance peuvent etre sur le m\u00eame ch\u00e8que. CNT, 1 Rue Jean Ruet, 62520, Le Touquet. Le courrier de l\u2019\u00e9cole de voile pour les droits de parking arriveront \u00e9galement par la poste. <\/p>\n\n\n<a href=\"https:\/\/cercle-nautique-du-touquet.org\/wp-content\/uploads\/2020\/12\/COURRIER-COTISATION-2021-CNT.pdf\" class=\"pdfemb-viewer\" style=\"\" data-width=\"max\" data-height=\"max\" data-toolbar=\"bottom\" data-toolbar-fixed=\"on\">COURRIER-COTISATION-2021-CNT<\/a>\n<p class=\"wp-block-pdfemb-pdf-embedder-viewer\"><\/p>\n\n\n<a href=\"https:\/\/cercle-nautique-du-touquet.org\/wp-content\/uploads\/2020\/12\/Que-fait-la-CNT.pdf\" class=\"pdfemb-viewer\" style=\"\" data-width=\"max\" data-height=\"max\" data-toolbar=\"bottom\" data-toolbar-fixed=\"on\">Que-fait-la-CNT<\/a>\n<p class=\"wp-block-pdfemb-pdf-embedder-viewer\"><\/p>\n\n\n<a href=\"https:\/\/cercle-nautique-du-touquet.org\/wp-content\/uploads\/2020\/12\/BULLETIN-ADHESION-CNT-2021.pdf\" class=\"pdfemb-viewer\" style=\"\" data-width=\"max\" data-height=\"max\" data-toolbar=\"bottom\" data-toolbar-fixed=\"on\">BULLETIN-ADHESION-CNT-2021<\/a>\n<p class=\"wp-block-pdfemb-pdf-embedder-viewer\"><\/p>\n","protected":false},"excerpt":{"rendered":"<p>Le comit\u00e9 et moi-m\u00eame souhaitions profiter de cet envoi pour vous rappeler ce que vous apporte votre club , l\u2019ann\u00e9e 2020 a \u00e9t\u00e9 particuli\u00e8rement compliqu\u00e9 pour mettre en place nos activit\u00e9s, Nous sommes certain que 2021 sera une belle ann\u00e9e pour les sports nautiques<\/p>\n","protected":false},"author":1,"featured_media":3512,"parent":0,"menu_order":0,"comment_status":"closed","ping_status":"closed","template":"","meta":{"_mc_calendar":[],"footnotes":""},"class_list":["post-3506","page","type-page","status-publish","has-post-thumbnail","czr-hentry"],"yoast_head":"<!-- This site is optimized with the Yoast SEO plugin v27.4 - https:\/\/yoast.com\/product\/yoast-seo-wordpress\/ -->\n<title>2021 : La lib\u00e9ration, cela se pr\u00e9pare. - Cercle Nautique du Touquet<\/title>\n<meta name=\"robots\" content=\"index, follow, max-snippet:-1, max-image-preview:large, max-video-preview:-1\" \/>\n<link rel=\"canonical\" href=\"https:\/\/cercle-nautique-du-touquet.org\/index.php\/2021-la-liberation-cela-se-prepare\/\" \/>\n<meta property=\"og:locale\" content=\"fr_FR\" \/>\n<meta property=\"og:type\" content=\"article\" \/>\n<meta property=\"og:title\" content=\"2021 : La lib\u00e9ration, cela se pr\u00e9pare. - Cercle Nautique du Touquet\" \/>\n<meta property=\"og:description\" content=\"Le comit\u00e9 et moi-m\u00eame souhaitions profiter de cet envoi pour vous rappeler ce que vous apporte votre club , l\u2019ann\u00e9e 2020 a \u00e9t\u00e9 particuli\u00e8rement compliqu\u00e9 pour mettre en place nos activit\u00e9s, Nous sommes certain que 2021 sera une belle ann\u00e9e pour les sports nautiques\" \/>\n<meta property=\"og:url\" content=\"https:\/\/cercle-nautique-du-touquet.org\/index.php\/2021-la-liberation-cela-se-prepare\/\" \/>\n<meta property=\"og:site_name\" content=\"Cercle Nautique du Touquet\" \/>\n<meta property=\"article:publisher\" content=\"https:\/\/www.facebook.com\/groups\/161569984440804\/\" \/>\n<meta property=\"article:modified_time\" content=\"2020-12-05T10:45:13+00:00\" \/>\n<meta property=\"og:image\" content=\"https:\/\/cercle-nautique-du-touquet.org\/wp-content\/uploads\/2020\/12\/bandeau-CNT.jpg\" \/>\n\t<meta property=\"og:image:width\" content=\"712\" \/>\n\t<meta property=\"og:image:height\" content=\"176\" \/>\n\t<meta property=\"og:image:type\" content=\"image\/jpeg\" \/>\n<meta name=\"twitter:card\" content=\"summary_large_image\" \/>\n<meta name=\"twitter:site\" content=\"@TouquetCn\" \/>\n<meta name=\"twitter:label1\" content=\"Dur\u00e9e de lecture estim\u00e9e\" \/>\n\t<meta name=\"twitter:data1\" content=\"1 minute\" \/>\n<script type=\"application\/ld+json\" class=\"yoast-schema-graph\">{\"@context\":\"https:\\\/\\\/schema.org\",\"@graph\":[{\"@type\":\"WebPage\",\"@id\":\"https:\\\/\\\/cercle-nautique-du-touquet.org\\\/index.php\\\/2021-la-liberation-cela-se-prepare\\\/\",\"url\":\"https:\\\/\\\/cercle-nautique-du-touquet.org\\\/index.php\\\/2021-la-liberation-cela-se-prepare\\\/\",\"name\":\"2021 : La lib\u00e9ration, cela se pr\u00e9pare. - Cercle Nautique du Touquet\",\"isPartOf\":{\"@id\":\"https:\\\/\\\/cercle-nautique-du-touquet.org\\\/#website\"},\"primaryImageOfPage\":{\"@id\":\"https:\\\/\\\/cercle-nautique-du-touquet.org\\\/index.php\\\/2021-la-liberation-cela-se-prepare\\\/#primaryimage\"},\"image\":{\"@id\":\"https:\\\/\\\/cercle-nautique-du-touquet.org\\\/index.php\\\/2021-la-liberation-cela-se-prepare\\\/#primaryimage\"},\"thumbnailUrl\":\"https:\\\/\\\/cercle-nautique-du-touquet.org\\\/wp-content\\\/uploads\\\/2020\\\/12\\\/bandeau-CNT.jpg\",\"datePublished\":\"2020-12-05T09:45:43+00:00\",\"dateModified\":\"2020-12-05T10:45:13+00:00\",\"breadcrumb\":{\"@id\":\"https:\\\/\\\/cercle-nautique-du-touquet.org\\\/index.php\\\/2021-la-liberation-cela-se-prepare\\\/#breadcrumb\"},\"inLanguage\":\"fr-FR\",\"potentialAction\":[{\"@type\":\"ReadAction\",\"target\":[\"https:\\\/\\\/cercle-nautique-du-touquet.org\\\/index.php\\\/2021-la-liberation-cela-se-prepare\\\/\"]}]},{\"@type\":\"ImageObject\",\"inLanguage\":\"fr-FR\",\"@id\":\"https:\\\/\\\/cercle-nautique-du-touquet.org\\\/index.php\\\/2021-la-liberation-cela-se-prepare\\\/#primaryimage\",\"url\":\"https:\\\/\\\/cercle-nautique-du-touquet.org\\\/wp-content\\\/uploads\\\/2020\\\/12\\\/bandeau-CNT.jpg\",\"contentUrl\":\"https:\\\/\\\/cercle-nautique-du-touquet.org\\\/wp-content\\\/uploads\\\/2020\\\/12\\\/bandeau-CNT.jpg\",\"width\":712,\"height\":176},{\"@type\":\"BreadcrumbList\",\"@id\":\"https:\\\/\\\/cercle-nautique-du-touquet.org\\\/index.php\\\/2021-la-liberation-cela-se-prepare\\\/#breadcrumb\",\"itemListElement\":[{\"@type\":\"ListItem\",\"position\":1,\"name\":\"Accueil\",\"item\":\"https:\\\/\\\/cercle-nautique-du-touquet.org\\\/\"},{\"@type\":\"ListItem\",\"position\":2,\"name\":\"2021 : La lib\u00e9ration, cela se pr\u00e9pare.\"}]},{\"@type\":\"WebSite\",\"@id\":\"https:\\\/\\\/cercle-nautique-du-touquet.org\\\/#website\",\"url\":\"https:\\\/\\\/cercle-nautique-du-touquet.org\\\/\",\"name\":\"Cercle Nautique du Touquet\",\"description\":\"CNT - LE TOUQUET - @ mail : cnt@cercle-nautique-du-touquet.org\",\"publisher\":{\"@id\":\"https:\\\/\\\/cercle-nautique-du-touquet.org\\\/#organization\"},\"potentialAction\":[{\"@type\":\"SearchAction\",\"target\":{\"@type\":\"EntryPoint\",\"urlTemplate\":\"https:\\\/\\\/cercle-nautique-du-touquet.org\\\/?s={search_term_string}\"},\"query-input\":{\"@type\":\"PropertyValueSpecification\",\"valueRequired\":true,\"valueName\":\"search_term_string\"}}],\"inLanguage\":\"fr-FR\"},{\"@type\":\"Organization\",\"@id\":\"https:\\\/\\\/cercle-nautique-du-touquet.org\\\/#organization\",\"name\":\"cercle Nautique du touquet\",\"url\":\"https:\\\/\\\/cercle-nautique-du-touquet.org\\\/\",\"logo\":{\"@type\":\"ImageObject\",\"inLanguage\":\"fr-FR\",\"@id\":\"https:\\\/\\\/cercle-nautique-du-touquet.org\\\/#\\\/schema\\\/logo\\\/image\\\/\",\"url\":\"https:\\\/\\\/cercle-nautique-du-touquet.org\\\/wp-content\\\/uploads\\\/2019\\\/09\\\/WzLRsU-e1579203957195.png\",\"contentUrl\":\"https:\\\/\\\/cercle-nautique-du-touquet.org\\\/wp-content\\\/uploads\\\/2019\\\/09\\\/WzLRsU-e1579203957195.png\",\"width\":112,\"height\":113,\"caption\":\"cercle Nautique du touquet\"},\"image\":{\"@id\":\"https:\\\/\\\/cercle-nautique-du-touquet.org\\\/#\\\/schema\\\/logo\\\/image\\\/\"},\"sameAs\":[\"https:\\\/\\\/www.facebook.com\\\/groups\\\/161569984440804\\\/\",\"https:\\\/\\\/x.com\\\/TouquetCn\"]}]}<\/script>\n<!-- \/ Yoast SEO plugin. -->","yoast_head_json":{"title":"2021 : La lib\u00e9ration, cela se pr\u00e9pare. - Cercle Nautique du Touquet","robots":{"index":"index","follow":"follow","max-snippet":"max-snippet:-1","max-image-preview":"max-image-preview:large","max-video-preview":"max-video-preview:-1"},"canonical":"https:\/\/cercle-nautique-du-touquet.org\/index.php\/2021-la-liberation-cela-se-prepare\/","og_locale":"fr_FR","og_type":"article","og_title":"2021 : La lib\u00e9ration, cela se pr\u00e9pare. - Cercle Nautique du Touquet","og_description":"Le comit\u00e9 et moi-m\u00eame souhaitions profiter de cet envoi pour vous rappeler ce que vous apporte votre club , l\u2019ann\u00e9e 2020 a \u00e9t\u00e9 particuli\u00e8rement compliqu\u00e9 pour mettre en place nos activit\u00e9s, Nous sommes certain que 2021 sera une belle ann\u00e9e pour les sports nautiques","og_url":"https:\/\/cercle-nautique-du-touquet.org\/index.php\/2021-la-liberation-cela-se-prepare\/","og_site_name":"Cercle Nautique du Touquet","article_publisher":"https:\/\/www.facebook.com\/groups\/161569984440804\/","article_modified_time":"2020-12-05T10:45:13+00:00","og_image":[{"width":712,"height":176,"url":"https:\/\/cercle-nautique-du-touquet.org\/wp-content\/uploads\/2020\/12\/bandeau-CNT.jpg","type":"image\/jpeg"}],"twitter_card":"summary_large_image","twitter_site":"@TouquetCn","twitter_misc":{"Dur\u00e9e de lecture estim\u00e9e":"1 minute"},"schema":{"@context":"https:\/\/schema.org","@graph":[{"@type":"WebPage","@id":"https:\/\/cercle-nautique-du-touquet.org\/index.php\/2021-la-liberation-cela-se-prepare\/","url":"https:\/\/cercle-nautique-du-touquet.org\/index.php\/2021-la-liberation-cela-se-prepare\/","name":"2021 : La lib\u00e9ration, cela se pr\u00e9pare. - Cercle Nautique du Touquet","isPartOf":{"@id":"https:\/\/cercle-nautique-du-touquet.org\/#website"},"primaryImageOfPage":{"@id":"https:\/\/cercle-nautique-du-touquet.org\/index.php\/2021-la-liberation-cela-se-prepare\/#primaryimage"},"image":{"@id":"https:\/\/cercle-nautique-du-touquet.org\/index.php\/2021-la-liberation-cela-se-prepare\/#primaryimage"},"thumbnailUrl":"https:\/\/cercle-nautique-du-touquet.org\/wp-content\/uploads\/2020\/12\/bandeau-CNT.jpg","datePublished":"2020-12-05T09:45:43+00:00","dateModified":"2020-12-05T10:45:13+00:00","breadcrumb":{"@id":"https:\/\/cercle-nautique-du-touquet.org\/index.php\/2021-la-liberation-cela-se-prepare\/#breadcrumb"},"inLanguage":"fr-FR","potentialAction":[{"@type":"ReadAction","target":["https:\/\/cercle-nautique-du-touquet.org\/index.php\/2021-la-liberation-cela-se-prepare\/"]}]},{"@type":"ImageObject","inLanguage":"fr-FR","@id":"https:\/\/cercle-nautique-du-touquet.org\/index.php\/2021-la-liberation-cela-se-prepare\/#primaryimage","url":"https:\/\/cercle-nautique-du-touquet.org\/wp-content\/uploads\/2020\/12\/bandeau-CNT.jpg","contentUrl":"https:\/\/cercle-nautique-du-touquet.org\/wp-content\/uploads\/2020\/12\/bandeau-CNT.jpg","width":712,"height":176},{"@type":"BreadcrumbList","@id":"https:\/\/cercle-nautique-du-touquet.org\/index.php\/2021-la-liberation-cela-se-prepare\/#breadcrumb","itemListElement":[{"@type":"ListItem","position":1,"name":"Accueil","item":"https:\/\/cercle-nautique-du-touquet.org\/"},{"@type":"ListItem","position":2,"name":"2021 : La lib\u00e9ration, cela se pr\u00e9pare."}]},{"@type":"WebSite","@id":"https:\/\/cercle-nautique-du-touquet.org\/#website","url":"https:\/\/cercle-nautique-du-touquet.org\/","name":"Cercle Nautique du Touquet","description":"CNT - LE TOUQUET - @ mail : cnt@cercle-nautique-du-touquet.org","publisher":{"@id":"https:\/\/cercle-nautique-du-touquet.org\/#organization"},"potentialAction":[{"@type":"SearchAction","target":{"@type":"EntryPoint","urlTemplate":"https:\/\/cercle-nautique-du-touquet.org\/?s={search_term_string}"},"query-input":{"@type":"PropertyValueSpecification","valueRequired":true,"valueName":"search_term_string"}}],"inLanguage":"fr-FR"},{"@type":"Organization","@id":"https:\/\/cercle-nautique-du-touquet.org\/#organization","name":"cercle Nautique du touquet","url":"https:\/\/cercle-nautique-du-touquet.org\/","logo":{"@type":"ImageObject","inLanguage":"fr-FR","@id":"https:\/\/cercle-nautique-du-touquet.org\/#\/schema\/logo\/image\/","url":"https:\/\/cercle-nautique-du-touquet.org\/wp-content\/uploads\/2019\/09\/WzLRsU-e1579203957195.png","contentUrl":"https:\/\/cercle-nautique-du-touquet.org\/wp-content\/uploads\/2019\/09\/WzLRsU-e1579203957195.png","width":112,"height":113,"caption":"cercle Nautique du touquet"},"image":{"@id":"https:\/\/cercle-nautique-du-touquet.org\/#\/schema\/logo\/image\/"},"sameAs":["https:\/\/www.facebook.com\/groups\/161569984440804\/","https:\/\/x.com\/TouquetCn"]}]}},"_links":{"self":[{"href":"https:\/\/cercle-nautique-du-touquet.org\/index.php\/wp-json\/wp\/v2\/pages\/3506","targetHints":{"allow":["GET"]}}],"collection":[{"href":"https:\/\/cercle-nautique-du-touquet.org\/index.php\/wp-json\/wp\/v2\/pages"}],"about":[{"href":"https:\/\/cercle-nautique-du-touquet.org\/index.php\/wp-json\/wp\/v2\/types\/page"}],"author":[{"embeddable":true,"href":"https:\/\/cercle-nautique-du-touquet.org\/index.php\/wp-json\/wp\/v2\/users\/1"}],"replies":[{"embeddable":true,"href":"https:\/\/cercle-nautique-du-touquet.org\/index.php\/wp-json\/wp\/v2\/comments?post=3506"}],"version-history":[{"count":0,"href":"https:\/\/cercle-nautique-du-touquet.org\/index.php\/wp-json\/wp\/v2\/pages\/3506\/revisions"}],"wp:featuredmedia":[{"embeddable":true,"href":"https:\/\/cercle-nautique-du-touquet.org\/index.php\/wp-json\/wp\/v2\/media\/3512"}],"wp:attachment":[{"href":"https:\/\/cercle-nautique-du-touquet.org\/index.php\/wp-json\/wp\/v2\/media?parent=3506"}],"curies":[{"name":"wp","href":"https:\/\/api.w.org\/{rel}","templated":true}]}}