{"id":6144,"date":"2024-06-17T14:16:50","date_gmt":"2024-06-17T12:16:50","guid":{"rendered":"https:\/\/cercle-nautique-du-touquet.org\/?page_id=6144"},"modified":"2024-06-17T14:16:50","modified_gmt":"2024-06-17T12:16:50","slug":"catamaran-de-sport-a-vendre","status":"publish","type":"page","link":"https:\/\/cercle-nautique-du-touquet.org\/index.php\/catamaran-de-sport-a-vendre\/","title":{"rendered":"Catamaran de sport \u00e0 vendre."},"content":{"rendered":"\n<p>Le bateau a \u00e9t\u00e9 refait \u00e0 neuf d\u00e9but 2024, par le chantier naval EB CONCEPT \/ BOULOGNE<br>CONCEPTION MARINE, qui l\u2019a construit en Juin 2006, \u00e0 Gravelines.<br>Ont \u00e9t\u00e9 r\u00e9alis\u00e9s (Facture de 3 800\u20ac a disposition) :<\/p>\n\n\n\n<ul class=\"wp-block-list\">\n<li>R\u00e9fection des 2 \u00e9traves, gelcoat, pon\u00e7age et finition<\/li>\n\n\n\n<li>Pon\u00e7age complet des dessous de coques et r\u00e9paration d\u2019\u00e9ventuels impacts. Polish.<\/li>\n\n\n\n<li>Tangon complet<\/li>\n\n\n\n<li>Cable de hauban complet<\/li>\n\n\n\n<li>Trampoline neuf grille PVC blanche contour bleu<\/li>\n\n\n\n<li>Auto vireur complet rail et chariot<br>\u00c9galement r\u00e9alis\u00e9 en mai 2022 par le m\u00eame chantier naval (facture disponible)<\/li>\n\n\n\n<li>R\u00e9fection des 2 d\u00e9rives et 2 safrans (r\u00e9paration des bords, gelcoat, pon\u00e7age, finition)<\/li>\n\n\n\n<li>Remplacement de l\u2019anneau de hook inox de grand-voile<\/li>\n\n\n\n<li>Installation d\u2019un nouveau snu\u01afer composite avec sac pentex, accroche au tangon<br>Ce prix comprend :<\/li>\n\n\n\n<li>2 grandes voiles (\u00e9tat impeccable) + foc + spi<\/li>\n\n\n\n<li>1 remorque de mise \u00e0 l\u2019eau avec grosses roues (\u00e9tat d\u2019usage)<\/li>\n\n\n\n<li>1 remorque de route avec co\u01afre m\u00e9tal de stockage (\u00e9tat d\u2019usage)<br>Contacts :<\/li>\n\n\n\n<li>Anne ou Hugo \/ Centre Nautique de la Baie de Canche<br>Le Touquet 03 21 05 12 77<\/li>\n\n\n\n<li>Manu \/ EB Concept 06 16 77 44 09<\/li>\n\n\n\n<li>Julien \/ Propri\u00e9taire +352 661 94 72 48<\/li>\n<\/ul>\n\n\n<a href=\"https:\/\/cercle-nautique-du-touquet.org\/wp-content\/uploads\/2024\/06\/A-VENDRE-CIRRUS-17-EVOLUTION.pdf\" class=\"pdfemb-viewer\" style=\"\" data-width=\"max\" data-height=\"max\" data-toolbar=\"bottom\" data-toolbar-fixed=\"on\">A-VENDRE-CIRRUS-17-EVOLUTION<\/a>","protected":false},"excerpt":{"rendered":"<p>Le bateau a \u00e9t\u00e9 refait \u00e0 neuf d\u00e9but 2024, par le chantier naval EB CONCEPT \/ BOULOGNECONCEPTION MARINE, qui l\u2019a construit en Juin 2006, \u00e0 Gravelines.Ont \u00e9t\u00e9 r\u00e9alis\u00e9s (Facture de 3 800\u20ac a disposition) :<\/p>\n","protected":false},"author":1,"featured_media":0,"parent":0,"menu_order":0,"comment_status":"closed","ping_status":"closed","template":"","meta":{"_mc_calendar":[],"footnotes":""},"class_list":["post-6144","page","type-page","status-publish","czr-hentry"],"yoast_head":"<!-- This site is optimized with the Yoast SEO plugin v27.5 - https:\/\/yoast.com\/product\/yoast-seo-wordpress\/ -->\n<title>Catamaran de sport \u00e0 vendre. - Cercle Nautique du Touquet<\/title>\n<meta name=\"robots\" content=\"index, follow, max-snippet:-1, max-image-preview:large, max-video-preview:-1\" \/>\n<link rel=\"canonical\" href=\"https:\/\/cercle-nautique-du-touquet.org\/index.php\/catamaran-de-sport-a-vendre\/\" \/>\n<meta property=\"og:locale\" content=\"fr_FR\" \/>\n<meta property=\"og:type\" content=\"article\" \/>\n<meta property=\"og:title\" content=\"Catamaran de sport \u00e0 vendre. - Cercle Nautique du Touquet\" \/>\n<meta property=\"og:description\" content=\"Le bateau a \u00e9t\u00e9 refait \u00e0 neuf d\u00e9but 2024, par le chantier naval EB CONCEPT \/ BOULOGNECONCEPTION MARINE, qui l\u2019a construit en Juin 2006, \u00e0 Gravelines.Ont \u00e9t\u00e9 r\u00e9alis\u00e9s (Facture de 3 800\u20ac a disposition) :\" \/>\n<meta property=\"og:url\" content=\"https:\/\/cercle-nautique-du-touquet.org\/index.php\/catamaran-de-sport-a-vendre\/\" \/>\n<meta property=\"og:site_name\" content=\"Cercle Nautique du Touquet\" \/>\n<meta property=\"article:publisher\" content=\"https:\/\/www.facebook.com\/groups\/161569984440804\/\" \/>\n<meta name=\"twitter:card\" content=\"summary_large_image\" \/>\n<meta name=\"twitter:site\" content=\"@TouquetCn\" \/>\n<meta name=\"twitter:label1\" content=\"Dur\u00e9e de lecture estim\u00e9e\" \/>\n\t<meta name=\"twitter:data1\" content=\"1 minute\" \/>\n<script type=\"application\/ld+json\" class=\"yoast-schema-graph\">{\"@context\":\"https:\\\/\\\/schema.org\",\"@graph\":[{\"@type\":\"WebPage\",\"@id\":\"https:\\\/\\\/cercle-nautique-du-touquet.org\\\/index.php\\\/catamaran-de-sport-a-vendre\\\/\",\"url\":\"https:\\\/\\\/cercle-nautique-du-touquet.org\\\/index.php\\\/catamaran-de-sport-a-vendre\\\/\",\"name\":\"Catamaran de sport \u00e0 vendre. - Cercle Nautique du Touquet\",\"isPartOf\":{\"@id\":\"https:\\\/\\\/cercle-nautique-du-touquet.org\\\/#website\"},\"datePublished\":\"2024-06-17T12:16:50+00:00\",\"breadcrumb\":{\"@id\":\"https:\\\/\\\/cercle-nautique-du-touquet.org\\\/index.php\\\/catamaran-de-sport-a-vendre\\\/#breadcrumb\"},\"inLanguage\":\"fr-FR\",\"potentialAction\":[{\"@type\":\"ReadAction\",\"target\":[\"https:\\\/\\\/cercle-nautique-du-touquet.org\\\/index.php\\\/catamaran-de-sport-a-vendre\\\/\"]}]},{\"@type\":\"BreadcrumbList\",\"@id\":\"https:\\\/\\\/cercle-nautique-du-touquet.org\\\/index.php\\\/catamaran-de-sport-a-vendre\\\/#breadcrumb\",\"itemListElement\":[{\"@type\":\"ListItem\",\"position\":1,\"name\":\"Accueil\",\"item\":\"https:\\\/\\\/cercle-nautique-du-touquet.org\\\/\"},{\"@type\":\"ListItem\",\"position\":2,\"name\":\"Catamaran de sport \u00e0 vendre.\"}]},{\"@type\":\"WebSite\",\"@id\":\"https:\\\/\\\/cercle-nautique-du-touquet.org\\\/#website\",\"url\":\"https:\\\/\\\/cercle-nautique-du-touquet.org\\\/\",\"name\":\"Cercle Nautique du Touquet\",\"description\":\"CNT - LE TOUQUET - @ mail : cnt@cercle-nautique-du-touquet.org\",\"publisher\":{\"@id\":\"https:\\\/\\\/cercle-nautique-du-touquet.org\\\/#organization\"},\"potentialAction\":[{\"@type\":\"SearchAction\",\"target\":{\"@type\":\"EntryPoint\",\"urlTemplate\":\"https:\\\/\\\/cercle-nautique-du-touquet.org\\\/?s={search_term_string}\"},\"query-input\":{\"@type\":\"PropertyValueSpecification\",\"valueRequired\":true,\"valueName\":\"search_term_string\"}}],\"inLanguage\":\"fr-FR\"},{\"@type\":\"Organization\",\"@id\":\"https:\\\/\\\/cercle-nautique-du-touquet.org\\\/#organization\",\"name\":\"cercle Nautique du touquet\",\"url\":\"https:\\\/\\\/cercle-nautique-du-touquet.org\\\/\",\"logo\":{\"@type\":\"ImageObject\",\"inLanguage\":\"fr-FR\",\"@id\":\"https:\\\/\\\/cercle-nautique-du-touquet.org\\\/#\\\/schema\\\/logo\\\/image\\\/\",\"url\":\"https:\\\/\\\/cercle-nautique-du-touquet.org\\\/wp-content\\\/uploads\\\/2019\\\/09\\\/WzLRsU-e1579203957195.png\",\"contentUrl\":\"https:\\\/\\\/cercle-nautique-du-touquet.org\\\/wp-content\\\/uploads\\\/2019\\\/09\\\/WzLRsU-e1579203957195.png\",\"width\":112,\"height\":113,\"caption\":\"cercle Nautique du touquet\"},\"image\":{\"@id\":\"https:\\\/\\\/cercle-nautique-du-touquet.org\\\/#\\\/schema\\\/logo\\\/image\\\/\"},\"sameAs\":[\"https:\\\/\\\/www.facebook.com\\\/groups\\\/161569984440804\\\/\",\"https:\\\/\\\/x.com\\\/TouquetCn\"]}]}<\/script>\n<!-- \/ Yoast SEO plugin. -->","yoast_head_json":{"title":"Catamaran de sport \u00e0 vendre. - Cercle Nautique du Touquet","robots":{"index":"index","follow":"follow","max-snippet":"max-snippet:-1","max-image-preview":"max-image-preview:large","max-video-preview":"max-video-preview:-1"},"canonical":"https:\/\/cercle-nautique-du-touquet.org\/index.php\/catamaran-de-sport-a-vendre\/","og_locale":"fr_FR","og_type":"article","og_title":"Catamaran de sport \u00e0 vendre. - Cercle Nautique du Touquet","og_description":"Le bateau a \u00e9t\u00e9 refait \u00e0 neuf d\u00e9but 2024, par le chantier naval EB CONCEPT \/ BOULOGNECONCEPTION MARINE, qui l\u2019a construit en Juin 2006, \u00e0 Gravelines.Ont \u00e9t\u00e9 r\u00e9alis\u00e9s (Facture de 3 800\u20ac a disposition) :","og_url":"https:\/\/cercle-nautique-du-touquet.org\/index.php\/catamaran-de-sport-a-vendre\/","og_site_name":"Cercle Nautique du Touquet","article_publisher":"https:\/\/www.facebook.com\/groups\/161569984440804\/","twitter_card":"summary_large_image","twitter_site":"@TouquetCn","twitter_misc":{"Dur\u00e9e de lecture estim\u00e9e":"1 minute"},"schema":{"@context":"https:\/\/schema.org","@graph":[{"@type":"WebPage","@id":"https:\/\/cercle-nautique-du-touquet.org\/index.php\/catamaran-de-sport-a-vendre\/","url":"https:\/\/cercle-nautique-du-touquet.org\/index.php\/catamaran-de-sport-a-vendre\/","name":"Catamaran de sport \u00e0 vendre. - Cercle Nautique du Touquet","isPartOf":{"@id":"https:\/\/cercle-nautique-du-touquet.org\/#website"},"datePublished":"2024-06-17T12:16:50+00:00","breadcrumb":{"@id":"https:\/\/cercle-nautique-du-touquet.org\/index.php\/catamaran-de-sport-a-vendre\/#breadcrumb"},"inLanguage":"fr-FR","potentialAction":[{"@type":"ReadAction","target":["https:\/\/cercle-nautique-du-touquet.org\/index.php\/catamaran-de-sport-a-vendre\/"]}]},{"@type":"BreadcrumbList","@id":"https:\/\/cercle-nautique-du-touquet.org\/index.php\/catamaran-de-sport-a-vendre\/#breadcrumb","itemListElement":[{"@type":"ListItem","position":1,"name":"Accueil","item":"https:\/\/cercle-nautique-du-touquet.org\/"},{"@type":"ListItem","position":2,"name":"Catamaran de sport \u00e0 vendre."}]},{"@type":"WebSite","@id":"https:\/\/cercle-nautique-du-touquet.org\/#website","url":"https:\/\/cercle-nautique-du-touquet.org\/","name":"Cercle Nautique du Touquet","description":"CNT - LE TOUQUET - @ mail : cnt@cercle-nautique-du-touquet.org","publisher":{"@id":"https:\/\/cercle-nautique-du-touquet.org\/#organization"},"potentialAction":[{"@type":"SearchAction","target":{"@type":"EntryPoint","urlTemplate":"https:\/\/cercle-nautique-du-touquet.org\/?s={search_term_string}"},"query-input":{"@type":"PropertyValueSpecification","valueRequired":true,"valueName":"search_term_string"}}],"inLanguage":"fr-FR"},{"@type":"Organization","@id":"https:\/\/cercle-nautique-du-touquet.org\/#organization","name":"cercle Nautique du touquet","url":"https:\/\/cercle-nautique-du-touquet.org\/","logo":{"@type":"ImageObject","inLanguage":"fr-FR","@id":"https:\/\/cercle-nautique-du-touquet.org\/#\/schema\/logo\/image\/","url":"https:\/\/cercle-nautique-du-touquet.org\/wp-content\/uploads\/2019\/09\/WzLRsU-e1579203957195.png","contentUrl":"https:\/\/cercle-nautique-du-touquet.org\/wp-content\/uploads\/2019\/09\/WzLRsU-e1579203957195.png","width":112,"height":113,"caption":"cercle Nautique du touquet"},"image":{"@id":"https:\/\/cercle-nautique-du-touquet.org\/#\/schema\/logo\/image\/"},"sameAs":["https:\/\/www.facebook.com\/groups\/161569984440804\/","https:\/\/x.com\/TouquetCn"]}]}},"_links":{"self":[{"href":"https:\/\/cercle-nautique-du-touquet.org\/index.php\/wp-json\/wp\/v2\/pages\/6144","targetHints":{"allow":["GET"]}}],"collection":[{"href":"https:\/\/cercle-nautique-du-touquet.org\/index.php\/wp-json\/wp\/v2\/pages"}],"about":[{"href":"https:\/\/cercle-nautique-du-touquet.org\/index.php\/wp-json\/wp\/v2\/types\/page"}],"author":[{"embeddable":true,"href":"https:\/\/cercle-nautique-du-touquet.org\/index.php\/wp-json\/wp\/v2\/users\/1"}],"replies":[{"embeddable":true,"href":"https:\/\/cercle-nautique-du-touquet.org\/index.php\/wp-json\/wp\/v2\/comments?post=6144"}],"version-history":[{"count":0,"href":"https:\/\/cercle-nautique-du-touquet.org\/index.php\/wp-json\/wp\/v2\/pages\/6144\/revisions"}],"wp:attachment":[{"href":"https:\/\/cercle-nautique-du-touquet.org\/index.php\/wp-json\/wp\/v2\/media?parent=6144"}],"curies":[{"name":"wp","href":"https:\/\/api.w.org\/{rel}","templated":true}]}}